{"id":433,"date":"2024-08-30T14:18:00","date_gmt":"2024-08-30T12:18:00","guid":{"rendered":"https:\/\/dev.alcoiverd.com\/home\/"},"modified":"2024-09-19T13:58:08","modified_gmt":"2024-09-19T11:58:08","slug":"home","status":"publish","type":"page","link":"https:\/\/www.alcoiverd.com\/ca\/","title":{"rendered":"Home"},"content":{"rendered":"\n<div class=\"wp-block-uagb-container uagb-block-30f1d691 alignfull uagb-is-root-container\">\n<div class=\"wp-block-uagb-advanced-heading uagb-block-9730d451\"><h1 class=\"uagb-heading-text\">HERBES L\u2019ALCOI\u00c0<\/h1><\/div>\n\n\n\n<div class=\"wp-block-uagb-advanced-heading uagb-block-c0b484f6\"><h2 class=\"uagb-heading-text\">INFUSIONS DES DE 1994<\/h2><\/div>\n<\/div>\n\n\n\n<div class=\"wp-block-uagb-container uagb-block-dc7e8bdc alignfull uagb-is-root-container\"><div class=\"uagb-container-inner-blocks-wrap\">\n<div class=\"wp-block-uagb-container uagb-block-6acef7d7\">\n<div class=\"wp-block-uagb-advanced-heading uagb-block-ce4745e4\"><h3 class=\"uagb-heading-text\">Descobrix el m\u00f3n de les nostres infusions<\/h3><\/div>\n\n\n\n<div class=\"wp-block-uagb-advanced-heading uagb-block-697db8d9\"><p class=\"uagb-heading-text\"><em>Des de 1994, a Alcoi Verd ens dediquem a l&#8217;elaboraci\u00f3 i preparaci\u00f3 d&#8217;infusions amb un profund respecte per la naturalesa i el benestar dels nostres consumidors. A trav\u00e9s de la nostra marca Herbes L&#8217;Alcoi\u00e0, capturem l&#8217;ess\u00e8ncia pura de les nostres muntanyes alacantines, oferint productes de m\u00e0xima qualitat i sabors incomparables.<\/em><\/p><\/div>\n<\/div>\n<\/div><\/div>\n\n\n\n<div class=\"wp-block-uagb-container slider-gallery uagb-block-766282f2 alignfull uagb-is-root-container\">\n<figure class=\"wp-block-gallery has-nested-images columns-1 is-cropped swiper-wrapper wp-block-gallery-1 is-layout-flex wp-block-gallery-is-layout-flex\">\n<figure class=\"wp-block-image size-full\"><img decoding=\"async\" width=\"528\" height=\"532\" data-id=\"155\" src=\"https:\/\/www.alcoiverd.com\/wp-content\/uploads\/2024\/09\/slider-img-1.png\" alt=\"\" class=\"wp-image-155\" srcset=\"https:\/\/www.alcoiverd.com\/wp-content\/uploads\/2024\/09\/slider-img-1.png 528w, https:\/\/www.alcoiverd.com\/wp-content\/uploads\/2024\/09\/slider-img-1-298x300.png 298w, https:\/\/www.alcoiverd.com\/wp-content\/uploads\/2024\/09\/slider-img-1-150x150.png 150w\" sizes=\"(max-width: 528px) 100vw, 528px\" \/><\/figure>\n\n\n\n<figure class=\"wp-block-image size-full\"><img decoding=\"async\" width=\"384\" height=\"532\" data-id=\"231\" src=\"https:\/\/www.alcoiverd.com\/wp-content\/uploads\/2024\/09\/slider-img-6.png\" alt=\"\" class=\"wp-image-231\" srcset=\"https:\/\/www.alcoiverd.com\/wp-content\/uploads\/2024\/09\/slider-img-6.png 384w, https:\/\/www.alcoiverd.com\/wp-content\/uploads\/2024\/09\/slider-img-6-217x300.png 217w\" sizes=\"(max-width: 384px) 100vw, 384px\" \/><\/figure>\n\n\n\n<figure class=\"wp-block-image size-full\"><img decoding=\"async\" width=\"752\" height=\"532\" data-id=\"159\" src=\"https:\/\/www.alcoiverd.com\/wp-content\/uploads\/2024\/09\/slider-img-5.png\" alt=\"\" class=\"wp-image-159\" srcset=\"https:\/\/www.alcoiverd.com\/wp-content\/uploads\/2024\/09\/slider-img-5.png 752w, https:\/\/www.alcoiverd.com\/wp-content\/uploads\/2024\/09\/slider-img-5-300x212.png 300w\" sizes=\"(max-width: 752px) 100vw, 752px\" \/><\/figure>\n\n\n\n<figure class=\"wp-block-image size-full\"><img decoding=\"async\" width=\"384\" height=\"532\" data-id=\"157\" src=\"https:\/\/www.alcoiverd.com\/wp-content\/uploads\/2024\/09\/slider-img-3.png\" alt=\"\" class=\"wp-image-157\" srcset=\"https:\/\/www.alcoiverd.com\/wp-content\/uploads\/2024\/09\/slider-img-3.png 384w, https:\/\/www.alcoiverd.com\/wp-content\/uploads\/2024\/09\/slider-img-3-217x300.png 217w\" sizes=\"(max-width: 384px) 100vw, 384px\" \/><\/figure>\n\n\n\n<figure class=\"wp-block-image size-full\"><img decoding=\"async\" width=\"384\" height=\"532\" data-id=\"158\" src=\"https:\/\/www.alcoiverd.com\/wp-content\/uploads\/2024\/09\/slider-img-4.png\" alt=\"\" class=\"wp-image-158\" srcset=\"https:\/\/www.alcoiverd.com\/wp-content\/uploads\/2024\/09\/slider-img-4.png 384w, https:\/\/www.alcoiverd.com\/wp-content\/uploads\/2024\/09\/slider-img-4-217x300.png 217w\" sizes=\"(max-width: 384px) 100vw, 384px\" \/><\/figure>\n<\/figure>\n<\/div>\n\n\n\n<div class=\"wp-block-uagb-container uagb-block-bc4762a2 alignfull uagb-is-root-container\"><div class=\"uagb-container-inner-blocks-wrap\">\n<div class=\"wp-block-uagb-container uagb-block-aed075c0\">\n<div class=\"wp-block-uagb-advanced-heading uagb-block-8f8b48da\"><p class=\"uagb-heading-text\"><em>Tots els nostres productes s\u00f3n 100% naturals, elaborats amb les millors herbes i plantes seleccionades acuradament per a garantir la seua puresa i efic\u00e0cia.<\/em><\/p><\/div>\n<\/div>\n<\/div><\/div>\n\n\n\n<div class=\"wp-block-uagb-container uagb-block-6f9aee22 alignfull uagb-is-root-container\"><div class=\"uagb-container-inner-blocks-wrap\">\n<div class=\"wp-block-uagb-advanced-heading uagb-block-a7ea0dfa\"><h2 class=\"uagb-heading-text\">PRODUCTES NATURALS D&#8217;ALCOI<\/h2><\/div>\n<\/div><\/div>\n\n\n\n<div class=\"wp-block-uagb-container uagb-block-01d019ea alignfull uagb-is-root-container\"><div class=\"uagb-container-inner-blocks-wrap\">\n<div class=\"wp-block-uagb-container container-productos-img uagb-block-3c9e991b\">\n<div class=\"wp-block-uagb-image uagb-block-bc4df2b9 wp-block-uagb-image--layout-default wp-block-uagb-image--effect-static wp-block-uagb-image--align-none\"><figure class=\"wp-block-uagb-image__figure\"><img decoding=\"async\" srcset=\"https:\/\/www.alcoiverd.com\/wp-content\/uploads\/2024\/09\/productos.png ,https:\/\/www.alcoiverd.com\/wp-content\/uploads\/2024\/09\/productos.png 780w, https:\/\/www.alcoiverd.com\/wp-content\/uploads\/2024\/09\/productos.png 360w\" sizes=\"auto, (max-width: 480px) 150px\" src=\"https:\/\/www.alcoiverd.com\/wp-content\/uploads\/2024\/09\/productos.png\" alt=\"\" class=\"uag-image-238\" width=\"611\" height=\"744\" title=\"productos\" loading=\"lazy\" role=\"img\"\/><\/figure><\/div>\n<\/div>\n\n\n\n<div class=\"wp-block-uagb-container container-productos uagb-block-4abf5719\"><div class=\"wp-block-uagb-faq uagb-faq__outer-wrap uagb-block-9f709c1b uagb-faq-icon-row-reverse uagb-faq-layout-accordion uagb-faq-expand-first-false uagb-faq-inactive-other-true uagb-faq__wrap uagb-buttons-layout-wrap uagb-faq-equal-height     \" data-faqtoggle=\"true\" role=\"tablist\"><div class=\"wp-block-uagb-faq-child uagb-faq-child__outer-wrap uagb-faq-item uagb-block-342ef595 \" role=\"tab\" tabindex=\"0\"><div class=\"uagb-faq-questions-button uagb-faq-questions\">\t\t\t<span class=\"uagb-icon uagb-faq-icon-wrap\">\n\t\t\t\t\t\t\t\t<svg xmlns=\"https:\/\/www.w3.org\/2000\/svg\" viewBox= \"0 0 448 512\"><path d=\"M432 256c0 17.69-14.33 32.01-32 32.01H256v144c0 17.69-14.33 31.99-32 31.99s-32-14.3-32-31.99v-144H48c-17.67 0-32-14.32-32-32.01s14.33-31.99 32-31.99H192v-144c0-17.69 14.33-32.01 32-32.01s32 14.32 32 32.01v144h144C417.7 224 432 238.3 432 256z\"><\/path><\/svg>\n\t\t\t\t\t\t\t<\/span>\n\t\t\t\t\t\t<span class=\"uagb-icon-active uagb-faq-icon-wrap\">\n\t\t\t\t\t\t\t\t<svg xmlns=\"https:\/\/www.w3.org\/2000\/svg\" viewBox= \"0 0 448 512\"><path d=\"M400 288h-352c-17.69 0-32-14.32-32-32.01s14.31-31.99 32-31.99h352c17.69 0 32 14.3 32 31.99S417.7 288 400 288z\"><\/path><\/svg>\n\t\t\t\t\t\t\t<\/span>\n\t\t\t<span class=\"uagb-question\">Fenoll<\/span><\/div><div class=\"uagb-faq-content\"><p>Un sabor \u00fanic i exquisit que estimula i regula l&#8217;organisme. Beneficis: Facilita l&#8217;expulsi\u00f3 de gasos, ajuda en la bronquitis i normalitza la menstruaci\u00f3.<\/p><\/div><\/div><div class=\"wp-block-uagb-faq-child uagb-faq-child__outer-wrap uagb-faq-item uagb-block-6ba7f7ac \" role=\"tab\" tabindex=\"0\"><div class=\"uagb-faq-questions-button uagb-faq-questions\">\t\t\t<span class=\"uagb-icon uagb-faq-icon-wrap\">\n\t\t\t\t\t\t\t\t<svg xmlns=\"https:\/\/www.w3.org\/2000\/svg\" viewBox= \"0 0 448 512\"><path d=\"M432 256c0 17.69-14.33 32.01-32 32.01H256v144c0 17.69-14.33 31.99-32 31.99s-32-14.3-32-31.99v-144H48c-17.67 0-32-14.32-32-32.01s14.33-31.99 32-31.99H192v-144c0-17.69 14.33-32.01 32-32.01s32 14.32 32 32.01v144h144C417.7 224 432 238.3 432 256z\"><\/path><\/svg>\n\t\t\t\t\t\t\t<\/span>\n\t\t\t\t\t\t<span class=\"uagb-icon-active uagb-faq-icon-wrap\">\n\t\t\t\t\t\t\t\t<svg xmlns=\"https:\/\/www.w3.org\/2000\/svg\" viewBox= \"0 0 448 512\"><path d=\"M400 288h-352c-17.69 0-32-14.32-32-32.01s14.31-31.99 32-31.99h352c17.69 0 32 14.3 32 31.99S417.7 288 400 288z\"><\/path><\/svg>\n\t\t\t\t\t\t\t<\/span>\n\t\t\t<span class=\"uagb-question\">Herbero<\/span><\/div><div class=\"uagb-faq-content\"><p>Mescla de tim\u00f3, s\u00e0lvia, #fenoll, mariallu\u00efsa i menta que evoca el licor herbero. Beneficis: Digestiu, ajuda en processos catarrals i millora l&#8217;expulsi\u00f3 de gasos.<\/p><\/div><\/div><div class=\"wp-block-uagb-faq-child uagb-faq-child__outer-wrap uagb-faq-item uagb-block-7a2bee30 \" role=\"tab\" tabindex=\"0\"><div class=\"uagb-faq-questions-button uagb-faq-questions\">\t\t\t<span class=\"uagb-icon uagb-faq-icon-wrap\">\n\t\t\t\t\t\t\t\t<svg xmlns=\"https:\/\/www.w3.org\/2000\/svg\" viewBox= \"0 0 448 512\"><path d=\"M432 256c0 17.69-14.33 32.01-32 32.01H256v144c0 17.69-14.33 31.99-32 31.99s-32-14.3-32-31.99v-144H48c-17.67 0-32-14.32-32-32.01s14.33-31.99 32-31.99H192v-144c0-17.69 14.33-32.01 32-32.01s32 14.32 32 32.01v144h144C417.7 224 432 238.3 432 256z\"><\/path><\/svg>\n\t\t\t\t\t\t\t<\/span>\n\t\t\t\t\t\t<span class=\"uagb-icon-active uagb-faq-icon-wrap\">\n\t\t\t\t\t\t\t\t<svg xmlns=\"https:\/\/www.w3.org\/2000\/svg\" viewBox= \"0 0 448 512\"><path d=\"M400 288h-352c-17.69 0-32-14.32-32-32.01s14.31-31.99 32-31.99h352c17.69 0 32 14.3 32 31.99S417.7 288 400 288z\"><\/path><\/svg>\n\t\t\t\t\t\t\t<\/span>\n\t\t\t<span class=\"uagb-question\">Salvia<\/span><\/div><div class=\"uagb-faq-content\"><p>Sabor excel\u00b7lent i calmant. Beneficis: Alleuja el mal de cap, infeccions estomacals i d&#8217;intest\u00ed, mals de gola i sudoraci\u00f3 excessiva.<\/p><\/div><\/div><div class=\"wp-block-uagb-faq-child uagb-faq-child__outer-wrap uagb-faq-item uagb-block-85a8a5bd \" role=\"tab\" tabindex=\"0\"><div class=\"uagb-faq-questions-button uagb-faq-questions\">\t\t\t<span class=\"uagb-icon uagb-faq-icon-wrap\">\n\t\t\t\t\t\t\t\t<svg xmlns=\"https:\/\/www.w3.org\/2000\/svg\" viewBox= \"0 0 448 512\"><path d=\"M432 256c0 17.69-14.33 32.01-32 32.01H256v144c0 17.69-14.33 31.99-32 31.99s-32-14.3-32-31.99v-144H48c-17.67 0-32-14.32-32-32.01s14.33-31.99 32-31.99H192v-144c0-17.69 14.33-32.01 32-32.01s32 14.32 32 32.01v144h144C417.7 224 432 238.3 432 256z\"><\/path><\/svg>\n\t\t\t\t\t\t\t<\/span>\n\t\t\t\t\t\t<span class=\"uagb-icon-active uagb-faq-icon-wrap\">\n\t\t\t\t\t\t\t\t<svg xmlns=\"https:\/\/www.w3.org\/2000\/svg\" viewBox= \"0 0 448 512\"><path d=\"M400 288h-352c-17.69 0-32-14.32-32-32.01s14.31-31.99 32-31.99h352c17.69 0 32 14.3 32 31.99S417.7 288 400 288z\"><\/path><\/svg>\n\t\t\t\t\t\t\t<\/span>\n\t\t\t<span class=\"uagb-question\">Timonet<\/span><\/div><div class=\"uagb-faq-content\"><p>Infusi\u00f3 de tim\u00f3 amb un intens sabor i aroma muntanyenca. Beneficis: Digestiu, estimulant de l&#8217;apetit, combat catarros i alleuja la tos.<\/p><\/div><\/div><\/div><\/div>\n<\/div><\/div>\n\n\n\n<div class=\"wp-block-uagb-container uagb-block-58c233c6 alignfull uagb-is-root-container\">\n<div class=\"wp-block-uagb-container order-1 responsive-container uagb-block-4f4715dd\">\n<div class=\"wp-block-uagb-image uagb-block-7c963a6a wp-block-uagb-image--layout-default wp-block-uagb-image--effect-static wp-block-uagb-image--align-none\"><figure class=\"wp-block-uagb-image__figure\"><img decoding=\"async\" srcset=\"https:\/\/www.alcoiverd.com\/wp-content\/uploads\/2024\/09\/productos-background.png ,https:\/\/www.alcoiverd.com\/wp-content\/uploads\/2024\/09\/productos-background.png 780w, https:\/\/www.alcoiverd.com\/wp-content\/uploads\/2024\/09\/productos-background.png 360w\" sizes=\"auto, (max-width: 480px) 150px\" src=\"https:\/\/www.alcoiverd.com\/wp-content\/uploads\/2024\/09\/productos-background.png\" alt=\"\" class=\"uag-image-240\" width=\"936\" height=\"696\" title=\"productos-background\" loading=\"lazy\" role=\"img\"\/><\/figure><\/div>\n<\/div>\n\n\n\n<div class=\"wp-block-uagb-container order-2 uagb-block-41ce8e81\">\n<div class=\"wp-block-uagb-container uagb-block-e695388f\">\n<div class=\"wp-block-uagb-advanced-heading uagb-block-3a2f4721\"><h3 class=\"uagb-heading-text\">Infusions naturals d&#8217;alta qualitat<\/h3><\/div>\n\n\n\n<div class=\"wp-block-uagb-advanced-heading uagb-block-c4b96c75\"><p class=\"uagb-heading-text\">Ens especialitzem en l&#8217;elaboraci\u00f3 d&#8217;infusions 100% naturals, seleccionades acuradament per a oferir-te sabors \u00fanics i beneficis per a la salut.<\/p><\/div>\n\n\n\n<div class=\"wp-block-uagb-advanced-heading uagb-block-3ed03c1f\"><p class=\"uagb-heading-text\">La nostra marca <strong>Herbes L&#8217;Alcoi\u00e0<\/strong>, s\u00f3n productes elaborats a partir de plantes arom\u00e0tiques de les muntanyes alacantines. Les nostres infusions de #fenoll, s\u00e0lvia, tim\u00f3 i herbero destaquen per les seues aromes intenses i propietats beneficioses.<\/p><\/div>\n<\/div>\n<\/div>\n\n\n\n<div class=\"wp-block-uagb-container order-4 uagb-block-85933859\">\n<div class=\"wp-block-uagb-container uagb-block-7f536891\">\n<div class=\"wp-block-uagb-advanced-heading uagb-block-e118c3ec\"><h3 class=\"uagb-heading-text\">La nostra evoluci\u00f3<\/h3><\/div>\n\n\n\n<div class=\"wp-block-uagb-advanced-heading uagb-block-8a97d304\"><p class=\"uagb-heading-text\">Vam n\u00e0ixer en el cor de les <strong>muntanyes d&#8217;Alacant<\/strong>, una prov\u00edncia rica en plantes arom\u00e0tiques, que s&#8217;ha convertit en la base dels nostres productes.<\/p><\/div>\n\n\n\n<div class=\"wp-block-uagb-advanced-heading uagb-block-3d96999e\"><p class=\"uagb-heading-text\">Amb el pas dels anys, ens hem consolidat com una refer\u00e8ncia en el sector d&#8217;infusions, gr\u00e0cies al nostre enfocament en la qualitat i en els ingredients 100% naturals.<\/p><\/div>\n\n\n\n<div class=\"wp-block-uagb-advanced-heading uagb-block-5bd8f4b5\"><p class=\"uagb-heading-text\">Al llarg de m\u00e9s de 25 anys, hem mantingut les nostres arrels en la tradici\u00f3, mentres continuem innovant en els nostres processos, amb t\u00e8cniques avan\u00e7ades que respecten les propietats naturals de les plantes, sense renunciar a l&#8217;artesania que ens caracteritza.<\/p><\/div>\n<\/div>\n<\/div>\n\n\n\n<div class=\"wp-block-uagb-container order-3 responsive-container uagb-block-05dea7a2\">\n<div class=\"wp-block-uagb-image uagb-block-64602771 wp-block-uagb-image--layout-default wp-block-uagb-image--effect-static wp-block-uagb-image--align-none\"><figure class=\"wp-block-uagb-image__figure\"><img decoding=\"async\" srcset=\"https:\/\/www.alcoiverd.com\/wp-content\/uploads\/2024\/09\/Rectangle-13-2.png ,https:\/\/www.alcoiverd.com\/wp-content\/uploads\/2024\/09\/Rectangle-13-2.png 780w, https:\/\/www.alcoiverd.com\/wp-content\/uploads\/2024\/09\/Rectangle-13-2.png 360w\" sizes=\"auto, (max-width: 480px) 150px\" src=\"https:\/\/www.alcoiverd.com\/wp-content\/uploads\/2024\/09\/Rectangle-13-2.png\" alt=\"\" class=\"uag-image-103\" width=\"936\" height=\"696\" title=\"Rectangle 13-2\" loading=\"lazy\" role=\"img\"\/><\/figure><\/div>\n<\/div>\n<\/div>\n\n\n\n<div class=\"wp-block-uagb-container uagb-block-d0d9391e alignfull uagb-is-root-container\"><div class=\"uagb-container-inner-blocks-wrap\">\n<div class=\"wp-block-uagb-container uagb-block-5939f3dd\">\t\t\t<div \n\t\t\tclass=\"wp-block-uagb-google-map uagb-google-map__wrap uagb-block-293e0d95     \"\n\t\t\tstyle=\"\" >\n\t\t\t\t<embed\n\t\t\t\t\tclass=\"uagb-google-map__iframe\"\n\t\t\t\t\ttitle=\"Google Map for \"\n\t\t\t\t\tsrc=\"https:\/\/maps.google.com\/maps?q=C.%20Castilla%20i%20Le%C3%B3n%2C%207%2C%2003313%20Corrent%C3%ADas%20Bajas%2C%20Alicante&#038;z=15&#038;hl=es&#038;t=m&#038;output=embed&#038;iwloc=near\"\n\t\t\t\t\twidth=\"640\"\n\t\t\t\t\theight=\"460\"\n\t\t\t\t\tloading=\"lazy\"\n\t\t\t\t><\/embed>\n\t\t\t<\/div>\n\t\t\t<\/div>\n\n\n\n<div class=\"wp-block-uagb-container uagb-block-cf011305\">\n<div class=\"wp-block-uagb-container uagb-block-d86319f6\">\n<div class=\"wp-block-uagb-advanced-heading uagb-block-480dd39c\"><h3 class=\"uagb-heading-text\">Ubicaci\u00f3<\/h3><\/div>\n\n\n\n<div class=\"wp-block-uagb-advanced-heading uagb-block-fa45f41e\"><p class=\"uagb-heading-text\"><em>C\/. Castilla Le\u00f3n, 7 \u2013 Corrent\u00edas Bajas\u2028<\/em><\/p><\/div>\n\n\n\n<div class=\"wp-block-uagb-advanced-heading uagb-block-61f6ba5a\"><p class=\"uagb-heading-text\"><em>Orihuela \u2013 Alacant \u2013 Espa\u00f1a<\/em><\/p><\/div>\n<\/div>\n\n\n\n<div class=\"wp-block-uagb-container uagb-block-b6f7ece2\">\n<div class=\"wp-block-uagb-advanced-heading uagb-block-2b9bb6da\"><h3 class=\"uagb-heading-text\">Tel\u00e8fon<\/h3><\/div>\n\n\n\n<div class=\"wp-block-uagb-advanced-heading uagb-block-bd73d638\"><p class=\"uagb-heading-text\"><em><a href=\"tel:965350306\">965 350 306<\/a><\/em><\/p><\/div>\n<\/div>\n\n\n\n<div class=\"wp-block-uagb-container uagb-block-2815d215\">\n<div class=\"wp-block-uagb-advanced-heading uagb-block-9d03f19f\"><h3 class=\"uagb-heading-text\">Correu<\/h3><\/div>\n\n\n\n<div class=\"wp-block-uagb-advanced-heading uagb-block-40745ae2\"><p class=\"uagb-heading-text\"><em><a href=\"mailto:alcoiverd@alcoiverd.com\">alcoiverd@alcoiverd.com<\/a><\/em><\/p><\/div>\n<\/div>\n<\/div>\n<\/div><\/div>\n","protected":false},"excerpt":{"rendered":"<p>HERBES L\u2019ALCOI\u00c0 INFUSIONS DES DE 1994 Descobrix el m\u00f3n de les nostres infusions Des de 1994, a Alcoi Verd ens dediquem a l&#8217;elaboraci\u00f3 i preparaci\u00f3 d&#8217;infusions amb un profund respecte per la naturalesa i el benestar dels nostres consumidors. A trav\u00e9s de la nostra marca Herbes L&#8217;Alcoi\u00e0, capturem l&#8217;ess\u00e8ncia pura de les nostres muntanyes alacantines, [&hellip;]<\/p>\n","protected":false},"author":1,"featured_media":0,"parent":0,"menu_order":0,"comment_status":"closed","ping_status":"closed","template":"","meta":{"_uag_custom_page_level_css":"","footnotes":""},"class_list":["post-433","page","type-page","status-publish","hentry"],"uagb_featured_image_src":{"full":false,"thumbnail":false,"medium":false,"medium_large":false,"large":false,"1536x1536":false,"2048x2048":false},"uagb_author_info":{"display_name":"redaccion","author_link":"https:\/\/www.alcoiverd.com\/ca\/author\/redaccion\/"},"uagb_comment_info":0,"uagb_excerpt":"HERBES L\u2019ALCOI\u00c0 INFUSIONS DES DE 1994 Descobrix el m\u00f3n de les nostres infusions Des de 1994, a Alcoi Verd ens dediquem a l&#8217;elaboraci\u00f3 i preparaci\u00f3 d&#8217;infusions amb un profund respecte per la naturalesa i el benestar dels nostres consumidors. A trav\u00e9s de la nostra marca Herbes L&#8217;Alcoi\u00e0, capturem l&#8217;ess\u00e8ncia pura de les nostres muntanyes alacantines,&hellip;","_links":{"self":[{"href":"https:\/\/www.alcoiverd.com\/ca\/wp-json\/wp\/v2\/pages\/433","targetHints":{"allow":["GET"]}}],"collection":[{"href":"https:\/\/www.alcoiverd.com\/ca\/wp-json\/wp\/v2\/pages"}],"about":[{"href":"https:\/\/www.alcoiverd.com\/ca\/wp-json\/wp\/v2\/types\/page"}],"author":[{"embeddable":true,"href":"https:\/\/www.alcoiverd.com\/ca\/wp-json\/wp\/v2\/users\/1"}],"replies":[{"embeddable":true,"href":"https:\/\/www.alcoiverd.com\/ca\/wp-json\/wp\/v2\/comments?post=433"}],"version-history":[{"count":6,"href":"https:\/\/www.alcoiverd.com\/ca\/wp-json\/wp\/v2\/pages\/433\/revisions"}],"predecessor-version":[{"id":627,"href":"https:\/\/www.alcoiverd.com\/ca\/wp-json\/wp\/v2\/pages\/433\/revisions\/627"}],"wp:attachment":[{"href":"https:\/\/www.alcoiverd.com\/ca\/wp-json\/wp\/v2\/media?parent=433"}],"curies":[{"name":"wp","href":"https:\/\/api.w.org\/{rel}","templated":true}]}}