{"id":440,"date":"2024-08-30T14:19:24","date_gmt":"2024-08-30T12:19:24","guid":{"rendered":"https:\/\/dev.alcoiverd.com\/politica-de-privacidad\/"},"modified":"2024-09-19T09:11:37","modified_gmt":"2024-09-19T07:11:37","slug":"politica-de-privacidad","status":"publish","type":"page","link":"https:\/\/www.alcoiverd.com\/ca\/politica-de-privacidad\/","title":{"rendered":"Pol\u00edtica de privacidad"},"content":{"rendered":"\n<div class=\"wp-block-uagb-container uagb-block-44068367 alignfull uagb-is-root-container\"><div class=\"uagb-container-inner-blocks-wrap\">\n<div class=\"wp-block-uagb-advanced-heading uagb-block-9730d451\"><h2 class=\"uagb-heading-text\">ALCOI VERD<\/h2><\/div>\n\n\n\n<div class=\"wp-block-uagb-advanced-heading uagb-block-ae539278\"><h1 class=\"uagb-heading-text\">POL\u00cdTICA DE PRIVACITAT<\/h1><\/div>\n<\/div><\/div>\n\n\n\n<div class=\"wp-block-uagb-container uagb-block-90c70c6b alignfull uagb-is-root-container\"><div class=\"uagb-container-inner-blocks-wrap\">\n<div class=\"wp-block-uagb-container uagb-block-43209e2b\">\n<div class=\"wp-block-uagb-advanced-heading uagb-block-0fea2cb8\"><h3 class=\"uagb-heading-text\">POL\u00cdTICA DE PRIVACITAT I PROTECCI\u00d3 DE DADES (L.O.P.D.)<\/h3><\/div>\n\n\n\n<div class=\"wp-block-uagb-advanced-heading uagb-block-d194e44d\"><p class=\"uagb-heading-text\">Manuel David Cano Barrachina&nbsp;posa en coneixement dels usuaris d&#8217;aquest lloc web, que podr\u00e0 crear un arxiu automatitzat amb les dades personals que siguin posats en coneixement del referit titular, a conseq\u00fc\u00e8ncia de la utilitzaci\u00f3 de la present Web i a causa d&#8217;enviaments de correus electr\u00f2nics, o b\u00e9 sobre aquells recaptats a trav\u00e9s del nostre formulari de contacte, en estricte compliment amb el preceptuat per la legislaci\u00f3 en mat\u00e8ria de protecci\u00f3 de dades.<\/p><\/div>\n\n\n\n<div class=\"wp-block-uagb-advanced-heading uagb-block-5c8ef24e\"><p class=\"uagb-heading-text\">En compliment del que es disposa en la Llei org\u00e0nica 15\/1999, de 13 de desembre, de Protecci\u00f3 de Dades de Car\u00e0cter Personal, els usuaris podran exercitar, en qualsevol moment, els drets d&#8217;acc\u00e9s, rectificaci\u00f3, oposici\u00f3 i cancel\u00b7laci\u00f3 de les seves dades, que haguessin estat recopilats i arxivats. L&#8217;exercici d&#8217;aquests drets haur\u00e0 d&#8217;efectuar-se mitjan\u00e7ant comunicaci\u00f3 escrita dirigida a la seu social de&nbsp;Manuel David Cano Barrachina&nbsp;o a l&#8217;adre\u00e7a de correu electr\u00f2nic&nbsp;alcoiverd@alcoiverd.com, indicant, en qualsevol dels casos, com a refer\u00e8ncia &#8220;Dades Personals&#8221; i el referit dret que pretenguin accionar, adjuntant c\u00f2pia del seu Document Nacional d&#8217;Identitat.<\/p><\/div>\n\n\n\n<div class=\"wp-block-uagb-advanced-heading uagb-block-f90b42d7\"><p class=\"uagb-heading-text\">Les dades registrades podrien ser utilitzats amb la finalitat prestar-li i\/o oferir-li els nostres serveis, d&#8217;efectuar estad\u00edstiques, la remissi\u00f3 de publicitat &#8211; fins i tot per mitjans electr\u00f2nics -, la gesti\u00f3 d&#8217;incid\u00e8ncies o la realitzaci\u00f3 d&#8217;estudis de mercat, entre altres activitats.<\/p><\/div>\n\n\n\n<div class=\"wp-block-uagb-advanced-heading uagb-block-4c8185ad\"><p class=\"uagb-heading-text\">Si \u00e9s el cas, les dades de car\u00e0cter personal facilitats pels usuaris podran ser comunicats a un tercer nom\u00e9s per al compliment dels fins assenyalats anteriorment i previ consentiment dels interessats, que s&#8217;entendr\u00e0 atorgat si res manifesten al contrari en el termini de quinze dies des que facilitessin les seves dades. En qualsevol cas, l&#8217;assenyalat consentiment podr\u00e0 ser revocable en qualsevol moment mitjan\u00e7ant comunicaci\u00f3 escrita dirigida a la seu social del titular, indicant com a refer\u00e8ncia &#8220;Baixa Dades Personals&#8221;.<\/p><\/div>\n<\/div>\n<\/div><\/div>\n","protected":false},"excerpt":{"rendered":"<p>ALCOI VERD POL\u00cdTICA DE PRIVACITAT POL\u00cdTICA DE PRIVACITAT I PROTECCI\u00d3 DE DADES (L.O.P.D.) Manuel David Cano Barrachina&nbsp;posa en coneixement dels usuaris d&#8217;aquest lloc web, que podr\u00e0 crear un arxiu automatitzat amb les dades personals que siguin posats en coneixement del referit titular, a conseq\u00fc\u00e8ncia de la utilitzaci\u00f3 de la present Web i a causa d&#8217;enviaments [&hellip;]<\/p>\n","protected":false},"author":1,"featured_media":0,"parent":0,"menu_order":4,"comment_status":"closed","ping_status":"closed","template":"","meta":{"_uag_custom_page_level_css":"","footnotes":""},"class_list":["post-440","page","type-page","status-publish","hentry"],"uagb_featured_image_src":{"full":false,"thumbnail":false,"medium":false,"medium_large":false,"large":false,"1536x1536":false,"2048x2048":false},"uagb_author_info":{"display_name":"redaccion","author_link":"https:\/\/www.alcoiverd.com\/ca\/author\/redaccion\/"},"uagb_comment_info":0,"uagb_excerpt":"ALCOI VERD POL\u00cdTICA DE PRIVACITAT POL\u00cdTICA DE PRIVACITAT I PROTECCI\u00d3 DE DADES (L.O.P.D.) Manuel David Cano Barrachina&nbsp;posa en coneixement dels usuaris d&#8217;aquest lloc web, que podr\u00e0 crear un arxiu automatitzat amb les dades personals que siguin posats en coneixement del referit titular, a conseq\u00fc\u00e8ncia de la utilitzaci\u00f3 de la present Web i a causa d&#8217;enviaments&hellip;","_links":{"self":[{"href":"https:\/\/www.alcoiverd.com\/ca\/wp-json\/wp\/v2\/pages\/440","targetHints":{"allow":["GET"]}}],"collection":[{"href":"https:\/\/www.alcoiverd.com\/ca\/wp-json\/wp\/v2\/pages"}],"about":[{"href":"https:\/\/www.alcoiverd.com\/ca\/wp-json\/wp\/v2\/types\/page"}],"author":[{"embeddable":true,"href":"https:\/\/www.alcoiverd.com\/ca\/wp-json\/wp\/v2\/users\/1"}],"replies":[{"embeddable":true,"href":"https:\/\/www.alcoiverd.com\/ca\/wp-json\/wp\/v2\/comments?post=440"}],"version-history":[{"count":5,"href":"https:\/\/www.alcoiverd.com\/ca\/wp-json\/wp\/v2\/pages\/440\/revisions"}],"predecessor-version":[{"id":613,"href":"https:\/\/www.alcoiverd.com\/ca\/wp-json\/wp\/v2\/pages\/440\/revisions\/613"}],"wp:attachment":[{"href":"https:\/\/www.alcoiverd.com\/ca\/wp-json\/wp\/v2\/media?parent=440"}],"curies":[{"name":"wp","href":"https:\/\/api.w.org\/{rel}","templated":true}]}}