{"id":442,"date":"2024-08-30T14:19:41","date_gmt":"2024-08-30T12:19:41","guid":{"rendered":"https:\/\/dev.alcoiverd.com\/politica-de-cookies\/"},"modified":"2024-09-19T09:13:02","modified_gmt":"2024-09-19T07:13:02","slug":"politica-de-cookies","status":"publish","type":"page","link":"https:\/\/www.alcoiverd.com\/ca\/politica-de-cookies\/","title":{"rendered":"Pol\u00edtica de cookies"},"content":{"rendered":"\n<div class=\"wp-block-uagb-container uagb-block-da24232f alignfull uagb-is-root-container\"><div class=\"uagb-container-inner-blocks-wrap\">\n<div class=\"wp-block-uagb-advanced-heading uagb-block-9730d451\"><h1 class=\"uagb-heading-text\">ALCOI VERD<\/h1><\/div>\n\n\n\n<div class=\"wp-block-uagb-advanced-heading uagb-block-ae539278\"><h2 class=\"uagb-heading-text\">POL\u00cdTICA DE COOKIES<\/h2><\/div>\n<\/div><\/div>\n\n\n\n<div class=\"wp-block-uagb-container uagb-block-f17af236 alignfull uagb-is-root-container\"><div class=\"uagb-container-inner-blocks-wrap\">\n<div class=\"wp-block-uagb-container uagb-block-55de51a8\">\n<div class=\"wp-block-uagb-advanced-heading uagb-block-de83a897\"><p class=\"uagb-heading-text\"><strong>Alcoi Verd<\/strong> informa sobre l&#8217;\u00fas de les cookies en la seva p\u00e0gina web: <a href=\"https:\/\/www.alcoiverd.com\/\">https:\/\/www.alcoiverd.com\/<\/a><br><strong>Qu\u00e8 s\u00f3n les cookies?<br><\/strong>Les cookies s\u00f3n arxius que es poden descarregar en el seu equip a trav\u00e9s de les p\u00e0gines web.<br>S\u00f3n eines que tenen un paper essencial per a la prestaci\u00f3 de nombrosos serveis de la societat de la informaci\u00f3. Entre altres, permeten a una p\u00e0gina web emmagatzemar i recuperar informaci\u00f3 sobre els h\u00e0bits de navegaci\u00f3 d&#8217;un usuari o del seu equip i, depenent de la informaci\u00f3 obtinguda, es poden utilitzar per a recon\u00e8ixer a l&#8217;usuari i millorar el servei ofert.<\/p><\/div>\n<\/div>\n\n\n\n<div class=\"wp-block-uagb-container uagb-block-72d5e7f3\">\n<div class=\"wp-block-uagb-advanced-heading uagb-block-4f87f142\"><p class=\"uagb-heading-text\"><strong>Tipus de cookies<br><\/strong>Segons qui sigui l&#8217;entitat que gestioni el domini des d&#8217;on s&#8217;envien les cookies i tracti les dades que s&#8217;obtinguin es poden distingir dos tipus:<br><strong>Cookies pr\u00f2pies<\/strong>: aquelles que s&#8217;envien a l&#8217;equip terminal de l&#8217;usuari des d&#8217;un equip o domini gestionat pel propi editor i des del qual es presta el servei sol\u00b7licitat per l&#8217;usuari.<br><strong>Cookies de tercers<\/strong>: aquelles que s&#8217;envien a l&#8217;equip terminal de l&#8217;usuari des d&#8217;un equip o domini que no \u00e9s gestionat per l&#8217;editor, sin\u00f3 per una altra entitat que tracta les dades obtingudes trav\u00e9s de les cookies.<br>En el cas que les cookies siguin instal\u00b7lades des d&#8217;un equip o domini gestionat pel propi editor per\u00f2 la informaci\u00f3 que es reculli mitjan\u00e7ant aquestes sigui gestionada per un tercer, no poden ser considerades com a cookies pr\u00f2pies.<\/p><\/div>\n<\/div>\n\n\n\n<div class=\"wp-block-uagb-container uagb-block-febfa760\">\n<div class=\"wp-block-uagb-advanced-heading uagb-block-c52f0f31\"><p class=\"uagb-heading-text\">Existeix tamb\u00e9 una segona classificaci\u00f3 segons el termini de temps que romanen emmagatzemades en el navegador del client, podent tractar-se de:<br><strong>Cookies de sessi\u00f3<\/strong>: dissenyades per a recaptar i emmagatzemar dades mentre l&#8217;usuari accedeix a una p\u00e0gina web. Se solen emprar per a emmagatzemar informaci\u00f3 que nom\u00e9s interessa conservar per a la prestaci\u00f3 del servei sol\u00b7licitat per l&#8217;usuari en una sola ocasi\u00f3 (p.e. una llista de productes adquirits).<br><strong>Cookies persistents<\/strong>: les dades segueixen emmagatzemats en el terminal i poden ser accedits i tractats durant un per\u00edode definit pel responsable de la cookie, i que pot anar d&#8217;uns minuts a diversos anys.<br>Finalment, existeix una altra classificaci\u00f3 amb cinc tipus de cookies segons la finalitat per a la qual es tractin les dades obtingudes:<br><strong>Cookies t\u00e8cniques<\/strong>: aquelles que permeten a l&#8217;usuari la navegaci\u00f3 a trav\u00e9s d&#8217;una p\u00e0gina web, plataforma o aplicaci\u00f3 i la utilitzaci\u00f3 de les diferents opcions o serveis que en ella existeixin com, per exemple, controlar el tr\u00e0nsit i la comunicaci\u00f3 de dades, identificar la sessi\u00f3, accedir a parts d&#8217;acc\u00e9s restringit, recordar els elements que integren una comanda, realitzar el proc\u00e9s de compra d&#8217;una comanda, realitzar la sol\u00b7licitud d&#8217;inscripci\u00f3 o participaci\u00f3 en un esdeveniment, utilitzar elements de seguretat durant la navegaci\u00f3, emmagatzemar continguts per a la difusi\u00f3 de v\u00eddeos o so o compartir continguts a trav\u00e9s de xarxes socials.<br><strong>Cookies de personalitzaci\u00f3<\/strong>: permeten a l&#8217;usuari accedir al servei amb algunes caracter\u00edstiques de car\u00e0cter general predefinides en funci\u00f3 d&#8217;una s\u00e8rie de criteris en el terminal de l&#8217;usuari com per exemple serien l&#8217;idioma, el tipus de navegador a trav\u00e9s del qual accedeix al servei, la configuraci\u00f3 regional des d&#8217;on accedeix al servei, etc.<br><strong>Cookies d&#8217;an\u00e0lisis<\/strong>: permeten al responsable d&#8217;aquestes, el seguiment i an\u00e0lisi del comportament dels usuaris dels llocs web als quals estan vinculades. La informaci\u00f3 recollida mitjan\u00e7ant aquesta mena de cookies s&#8217;utilitza en el mesurament de l&#8217;activitat dels llocs web, aplicaci\u00f3 o plataforma i per a l&#8217;elaboraci\u00f3 de perfils de navegaci\u00f3 dels usuaris d&#8217;aquests llocs, aplicacions i plataformes, amb la finalitat d&#8217;introduir millores en funci\u00f3 de l&#8217;an\u00e0lisi de les dades d&#8217;\u00fas que fan els usuaris del servei.<br><strong>Cookies publicit\u00e0ries<\/strong>: permeten la gesti\u00f3, de la forma m\u00e9s efica\u00e7 possible, dels espais publicitaris.<br><strong>Cookies de publicitat comportamental<\/strong>: emmagatzemen informaci\u00f3 del comportament dels usuaris obtinguda a trav\u00e9s de l&#8217;observaci\u00f3 continuada dels seus h\u00e0bits de navegaci\u00f3, la qual cosa permet desenvolupar un perfil espec\u00edfic per a mostrar publicitat en funci\u00f3 d&#8217;aquest.<br><strong>Cookies de publicitat comportamental<\/strong>: emmagatzemen informaci\u00f3 del comportament dels usuaris obtinguda a trav\u00e9s de l&#8217;observaci\u00f3 continuada dels seus h\u00e0bits de navegaci\u00f3, la qual cosa permet desenvolupar un perfil espec\u00edfic per a mostrar publicitat en funci\u00f3 d&#8217;aquest.<br><strong>Cookies de xarxes socials externes<\/strong>: s&#8217;utilitzen perqu\u00e8 els visitants puguin interactuar amb el contingut de diferents plataformes socials (facebook, youtube, twitter, linkedIn, etc..) i que es generin \u00fanicament per als usuaris d&#8217;aquestes xarxes socials. Les condicions d&#8217;utilitzaci\u00f3 d&#8217;aquestes cookies i la informaci\u00f3 recopilada es regula per la pol\u00edtica de privacitat de la plataforma social corresponent.<br><strong>Cookies de xarxes socials externes<\/strong>: s&#8217;utilitzen perqu\u00e8 els visitants puguin interactuar amb el contingut de diferents plataformes socials (facebook, youtube, twitter, linkedIn, etc..) i que es generin \u00fanicament per als usuaris d&#8217;aquestes xarxes socials. Les condicions d&#8217;utilitzaci\u00f3 d&#8217;aquestes cookies i la informaci\u00f3 recopilada es regula per la pol\u00edtica de privacitat de la plataforma social corresponent.<br><strong>Cookies de xarxes socials externes<\/strong>: s&#8217;utilitzen perqu\u00e8 els visitants puguin interactuar amb el contingut de diferents plataformes socials (facebook, youtube, twitter, linkedIn, etc..) i que es generin \u00fanicament per als usuaris d&#8217;aquestes xarxes socials. Les condicions d&#8217;utilitzaci\u00f3 d&#8217;aquestes cookies i la informaci\u00f3 recopilada es regula per la pol\u00edtica de privacitat de la plataforma social corresponent.<\/p><\/div>\n<\/div>\n\n\n\n<div class=\"wp-block-uagb-container uagb-block-af93d76d\">\n<div class=\"wp-block-uagb-advanced-heading uagb-block-502ab615\"><p class=\"uagb-heading-text\"><strong>Desactivaci\u00f3 i eliminaci\u00f3 de cookies<br><\/strong>Tens l&#8217;opci\u00f3 de permetre, bloquejar o eliminar les cookies instal\u00b7lades en el teu equip mitjan\u00e7ant la configuraci\u00f3 de les opcions del navegador instal\u00b7lat en el seu equip. En desactivar cookies, alguns dels serveis disponibles podrien deixar d&#8217;estar operatius. La manera de deshabilitar les cookies \u00e9s diferent per a cada navegador, per\u00f2 normalment pot fer-se des del men\u00fa Eines o Opcions. Tamb\u00e9 pot consultar-se el men\u00fa d&#8217;Ajuda del navegador on pots trobar instruccions. L&#8217;usuari podr\u00e0 en qualsevol moment triar quines cookies vol que funcionin en aquest lloc web.<br>Pot vost\u00e8 permetre, bloquejar o eliminar les cookies instal\u00b7lades en el seu equip mitjan\u00e7ant la configuraci\u00f3 de les opcions del navegador instal\u00b7lat en el seu ordinador:<br><a href=\"https:\/\/support.google.com\/accounts\/answer\/61416?co=GENIE.Platform%3DDesktop&amp;hl=es\" target=\"_blank\" rel=\"noreferrer noopener\">Google Chrome<br><\/a><a href=\"https:\/\/support.mozilla.org\/es\/kb\/Borrar%20cookies\" target=\"_blank\" rel=\"noreferrer noopener\">Mozilla Firefox<br><\/a><a href=\"https:\/\/support.microsoft.com\/es-es\/topic\/c%C3%B3mo-eliminar-archivos-de-cookies-en-internet-explorer-bca9446f-d873-78de-77ba-d42645fa52fc\" target=\"_blank\" rel=\"noreferrer noopener\">Internet Explorer<br><\/a><a href=\"https:\/\/support.apple.com\/es-es\/guide\/safari\/sfri11471\/mac\" target=\"_blank\" rel=\"noreferrer noopener\">Safari<\/a><br><a href=\"https:\/\/support.apple.com\/es-es\/HT201265\" target=\"_blank\" rel=\"noreferrer noopener\">Safari para IOS (iPhone y iPad)<br><\/a><a href=\"https:\/\/support.google.com\/accounts\/answer\/61416?co=GENIE.Platform%3DAndroid&amp;hl=es&amp;oco=1\" target=\"_blank\" rel=\"noreferrer noopener\">Chrome para Android<br><\/a><a href=\"https:\/\/support.google.com\/accounts\/answer\/61416?co=GENIE.Platform%3DiOS&amp;hl=es&amp;oco=1\" target=\"_blank\" rel=\"noreferrer noopener\">Chrome para Iphone y Ipad<br><\/a>A m\u00e9s, tamb\u00e9 pot gestionar el magatzem de cookies en el seu navegador a trav\u00e9s d&#8217;eines com les seg\u00fcentsGhostery: <a href=\"http:\/\/www.ghostery.com\/es\" target=\"_blank\" rel=\"noreferrer noopener\">www.ghostery.com<\/a><br>Your online choices: <a href=\"https:\/\/www.youronlinechoices.com\/es\/\" target=\"_blank\" rel=\"noreferrer noopener\">www.youronlinechoices.com\/es\/<\/a><br>Cookies utilitzades en <a href=\"https:\/\/www.alcoiverd.com\/\">https:\/\/www.alcoiverd.com\/<\/a><\/p><\/div>\n<\/div>\n\n\n\n<div class=\"wp-block-uagb-container uagb-block-9fab0d81\">\n<div class=\"wp-block-uagb-advanced-heading uagb-block-c2a20744\"><p class=\"uagb-heading-text\">A continuaci\u00f3 s&#8217;identifiquen les cookies que estan sent utilitzades en aquest portal aix\u00ed com la seva tipologia i funci\u00f3:<br>Acceptaci\u00f3 de la Pol\u00edtica de cookies <a href=\"https:\/\/www.alcoiverd.com\/\">https:\/\/www.alcoiverd.com\/<\/a> assumeix que vost\u00e8 accepta l&#8217;\u00fas de cookies. No obstant aix\u00f2, mostra informaci\u00f3 sobre la seva Pol\u00edtica de cookies en la part inferior o superior de qualsevol p\u00e0gina del portal amb cada inici de sessi\u00f3 a fi que vost\u00e8 sigui conscient.<br>Davant aquesta informaci\u00f3 \u00e9s possible dur a terme les seg\u00fcents accions:<br><strong>Acceptar cookies<\/strong>. No es tornar\u00e0 a visualitzar aquest av\u00eds en accedir a qualsevol p\u00e0gina del portal durant la present sessi\u00f3.<br><strong>Tancar<\/strong>. S&#8217;oculta l&#8217;av\u00eds en la present p\u00e0gina.<br><strong>Modificar la seva configuraci\u00f3<\/strong>. Podr\u00e0 obtenir m\u00e9s informaci\u00f3 sobre qu\u00e8 s\u00f3n les cookies, con\u00e8ixer la Pol\u00edtica de cookies d&#8217;https:\/\/www.alcoiverd.com\/ i modificar la configuraci\u00f3 del seu navegador.<\/p><\/div>\n<\/div>\n<\/div><\/div>\n","protected":false},"excerpt":{"rendered":"<p>ALCOI VERD POL\u00cdTICA DE COOKIES Alcoi Verd informa sobre l&#8217;\u00fas de les cookies en la seva p\u00e0gina web: https:\/\/www.alcoiverd.com\/Qu\u00e8 s\u00f3n les cookies?Les cookies s\u00f3n arxius que es poden descarregar en el seu equip a trav\u00e9s de les p\u00e0gines web.S\u00f3n eines que tenen un paper essencial per a la prestaci\u00f3 de nombrosos serveis de la societat [&hellip;]<\/p>\n","protected":false},"author":1,"featured_media":0,"parent":0,"menu_order":5,"comment_status":"closed","ping_status":"closed","template":"","meta":{"_uag_custom_page_level_css":"","footnotes":""},"class_list":["post-442","page","type-page","status-publish","hentry"],"uagb_featured_image_src":{"full":false,"thumbnail":false,"medium":false,"medium_large":false,"large":false,"1536x1536":false,"2048x2048":false},"uagb_author_info":{"display_name":"redaccion","author_link":"https:\/\/www.alcoiverd.com\/ca\/author\/redaccion\/"},"uagb_comment_info":0,"uagb_excerpt":"ALCOI VERD POL\u00cdTICA DE COOKIES Alcoi Verd informa sobre l&#8217;\u00fas de les cookies en la seva p\u00e0gina web: https:\/\/www.alcoiverd.com\/Qu\u00e8 s\u00f3n les cookies?Les cookies s\u00f3n arxius que es poden descarregar en el seu equip a trav\u00e9s de les p\u00e0gines web.S\u00f3n eines que tenen un paper essencial per a la prestaci\u00f3 de nombrosos serveis de la societat&hellip;","_links":{"self":[{"href":"https:\/\/www.alcoiverd.com\/ca\/wp-json\/wp\/v2\/pages\/442","targetHints":{"allow":["GET"]}}],"collection":[{"href":"https:\/\/www.alcoiverd.com\/ca\/wp-json\/wp\/v2\/pages"}],"about":[{"href":"https:\/\/www.alcoiverd.com\/ca\/wp-json\/wp\/v2\/types\/page"}],"author":[{"embeddable":true,"href":"https:\/\/www.alcoiverd.com\/ca\/wp-json\/wp\/v2\/users\/1"}],"replies":[{"embeddable":true,"href":"https:\/\/www.alcoiverd.com\/ca\/wp-json\/wp\/v2\/comments?post=442"}],"version-history":[{"count":3,"href":"https:\/\/www.alcoiverd.com\/ca\/wp-json\/wp\/v2\/pages\/442\/revisions"}],"predecessor-version":[{"id":614,"href":"https:\/\/www.alcoiverd.com\/ca\/wp-json\/wp\/v2\/pages\/442\/revisions\/614"}],"wp:attachment":[{"href":"https:\/\/www.alcoiverd.com\/ca\/wp-json\/wp\/v2\/media?parent=442"}],"curies":[{"name":"wp","href":"https:\/\/api.w.org\/{rel}","templated":true}]}}