{"id":444,"date":"2024-08-30T14:19:54","date_gmt":"2024-08-30T12:19:54","guid":{"rendered":"https:\/\/dev.alcoiverd.com\/aviso-legal\/"},"modified":"2024-09-19T09:13:14","modified_gmt":"2024-09-19T07:13:14","slug":"aviso-legal","status":"publish","type":"page","link":"https:\/\/www.alcoiverd.com\/ca\/aviso-legal\/","title":{"rendered":"Aviso Legal"},"content":{"rendered":"\n<div class=\"wp-block-uagb-container uagb-block-76c58866 alignfull uagb-is-root-container\"><div class=\"uagb-container-inner-blocks-wrap\">\n<div class=\"wp-block-uagb-advanced-heading uagb-block-9730d451\"><h1 class=\"uagb-heading-text\">ALCOI VERD<\/h1><\/div>\n\n\n\n<div class=\"wp-block-uagb-advanced-heading uagb-block-ae539278\"><h2 class=\"uagb-heading-text\">AV\u00cdS LEGAL<\/h2><\/div>\n<\/div><\/div>\n\n\n\n<div class=\"wp-block-uagb-container uagb-block-9aa6923b alignfull uagb-is-root-container\"><div class=\"uagb-container-inner-blocks-wrap\">\n<div class=\"wp-block-uagb-container uagb-block-55de51a8\">\n<div class=\"wp-block-uagb-advanced-heading uagb-block-164d5134\"><h3 class=\"uagb-heading-text\">DADES DE L&#8217;EMPRESA<\/h3><\/div>\n\n\n\n<div class=\"wp-block-uagb-advanced-heading uagb-block-332efffe\"><p class=\"uagb-heading-text\">En compliment de l&#8217;article 10 de la Llei 34\/2002, d&#8217;11 de juliol, de Serveis de la Societat de la Informaci\u00f3 i Comer\u00e7 Electr\u00f2nic, a continuaci\u00f3 s&#8217;exposen les dades identificatives de l&#8217;empresa.<\/p><\/div>\n\n\n\n<div class=\"wp-block-uagb-advanced-heading uagb-block-49acc30b\"><p class=\"uagb-heading-text\"><strong>Nom Jur\u00eddic<\/strong>:&nbsp;MANUEL DAVID CANO BARRACHINA<br><strong>Denominaci\u00f3n social<\/strong>:&nbsp;Aut\u00f2nom<br><strong>N\u00famero d&#8217;identificaci\u00f3 fiscal<\/strong>:&nbsp;21649092C<br><strong>Domicili social<\/strong>:&nbsp;CASTELLA LEON, 7 \u2013 CORRENTIAS BAIXES<br><strong>Correu electr\u00f2nic<\/strong>:&nbsp;alcoiverd@alcoiverd.com<br><strong>Tel\u00e8fon<\/strong>:&nbsp;965350306<\/p><\/div>\n\n\n\n<div class=\"wp-block-uagb-advanced-heading uagb-block-473ca430\"><p class=\"uagb-heading-text\">El lloc web <a href=\"https:\/\/www.alcoiverd.com\/\">https:\/\/www.alcoiverd.com\/<\/a> (d&#8217;ara endavant, el \u201cLloc web\u201d) \u00e9s propietat de Manuel David Cano Barrachina amb nom comercial Alcoi Verd.<\/p><\/div>\n\n\n\n<div class=\"wp-block-uagb-advanced-heading uagb-block-bd5315e1\"><p class=\"uagb-heading-text\">L&#8217;acc\u00e9s al lloc web <a href=\"https:\/\/www.alcoiverd.com\/\">https:\/\/www.alcoiverd.com\/<\/a> d&#8217;Alcoi Verd implica l&#8217;acceptaci\u00f3 de totes les condicions seg\u00fcents:<\/p><\/div>\n<\/div>\n\n\n\n<div class=\"wp-block-uagb-container uagb-block-db4a674f\">\n<div class=\"wp-block-uagb-advanced-heading uagb-block-de83a897\"><h3 class=\"uagb-heading-text\">DADES DE L&#8217;EMPRESA<\/h3><\/div>\n\n\n\n<div class=\"wp-block-uagb-advanced-heading uagb-block-dcdfd7f5\"><p class=\"uagb-heading-text\">En compliment de l&#8217;article 10 de la Llei 34\/2002, d&#8217;11 de juliol, de Serveis de la Societat de la Informaci\u00f3 i Comer\u00e7 Electr\u00f2nic, a continuaci\u00f3 s&#8217;exposen les dades identificatives de l&#8217;empresa.<\/p><\/div>\n<\/div>\n\n\n\n<div class=\"wp-block-uagb-container uagb-block-f4b623e5\">\n<div class=\"wp-block-uagb-advanced-heading uagb-block-bcdc7827\"><h3 class=\"uagb-heading-text\">PROPIETAT INDUSTRIAL<\/h3><\/div>\n\n\n\n<div class=\"wp-block-uagb-advanced-heading uagb-block-6488c83b\"><p class=\"uagb-heading-text\">El logotip i la denominaci\u00f3 \u201cAlcoi Verd\u201d, aix\u00ed com altres signes distintius (gr\u00e0fics o denominatius), que apareixen en aquesta Web s\u00f3n propietat exclusiva d&#8217;Alcoi&nbsp; Verd, de tal forma que \u00e9s aquesta entitat l&#8217;\u00fanica autoritzada a utilitzar-los.<\/p><\/div>\n\n\n\n<div class=\"wp-block-uagb-advanced-heading uagb-block-6b11b1d5\"><p class=\"uagb-heading-text\">Els continguts d&#8217;aquest lloc web, textos, imatges, etc. aix\u00ed com el seu disseny gr\u00e0fic i el seu codi font estan protegits per la legislaci\u00f3 espanyola sobre els drets de propietat intel\u00b7lectual i industrial a favor d&#8217;Alcoi&nbsp; Verd.<\/p><\/div>\n\n\n\n<div class=\"wp-block-uagb-advanced-heading uagb-block-6b8e205d\"><p class=\"uagb-heading-text\">Quedant per tant totalment prohibida la seva reproducci\u00f3, distribuci\u00f3 o comunicaci\u00f3 p\u00fablica, total o parcial, sense l&#8217;autoritzaci\u00f3 expressa d&#8217;Alcoi&nbsp; Verd.<\/p><\/div>\n<\/div>\n\n\n\n<div class=\"wp-block-uagb-container uagb-block-52ffb03f\">\n<div class=\"wp-block-uagb-advanced-heading uagb-block-53236866\"><h3 class=\"uagb-heading-text\">NOM DE DOMINI<\/h3><\/div>\n\n\n\n<div class=\"wp-block-uagb-advanced-heading uagb-block-45e506ca\"><p class=\"uagb-heading-text\">D&#8217;igual forma al ressenyat en els par\u00e0grafs anteriors, els noms de domini \u201c<a href=\"https:\/\/www.alcoiverd.com\/\">https:\/\/www.alcoiverd.com\/<\/a>\u201c i tots aquells que serveixin per a accedir al present lloc s\u00f3n de titularitat exclusiva d&#8217;Alcoi&nbsp; Verd. L&#8217;\u00fas indegut dels mateixos suposaria una infracci\u00f3 dels drets adquirits pel seu registre i ser\u00e0 perseguit pels mitjans previstos en la Llei.<\/p><\/div>\n<\/div>\n\n\n\n<div class=\"wp-block-uagb-container uagb-block-9d863503\">\n<div class=\"wp-block-uagb-advanced-heading uagb-block-0fea2cb8\"><h3 class=\"uagb-heading-text\">\u00daS PERSONAL<\/h3><\/div>\n\n\n\n<div class=\"wp-block-uagb-advanced-heading uagb-block-0fea2cb8\"><p class=\"uagb-heading-text\">L&#8217;usuari queda expressament autoritzat per&nbsp;Alcoi Verd&nbsp;a visualitzar, imprimir, copiar o emmagatzemar en el seu disc dur o qualsevol altre suport f\u00edsic, els continguts i actius emparats o no per un dret d&#8217;exclusiva (a excepci\u00f3 dels programes d&#8217;ordinador), sempre que aquesta actuaci\u00f3 s&#8217;efectu\u00ef per a l&#8217;\u00fas personal i privat de l&#8217;usuari, sense finalitat comercial o de distribuci\u00f3 i sense modificar, alterar o descompilar els avantdits drets i continguts. Aquesta llic\u00e8ncia d&#8217;\u00fas personal s&#8217;ent\u00e9n efectuada sempre que es respectin intactes els advertiments als drets d&#8217;autor i de propietat industrial que es realitzen, sense que aix\u00f2 signifiqui la concessi\u00f3 de cap llic\u00e8ncia a l&#8217;usuari.<\/p><\/div>\n\n\n\n<div class=\"wp-block-uagb-advanced-heading uagb-block-0fea2cb8\"><p class=\"uagb-heading-text\">Qualsevol altre \u00fas dels continguts o creacions intel\u00b7lectuals d&#8217;aquest lloc requerir\u00e0 l&#8217;autoritzaci\u00f3 expressa i per escrit d&#8217;Alcoi&nbsp; Verd.<\/p><\/div>\n<\/div>\n\n\n\n<div class=\"wp-block-uagb-container uagb-block-630e2537\">\n<div class=\"wp-block-uagb-advanced-heading uagb-block-0fea2cb8\"><h3 class=\"uagb-heading-text\">RESERVA D&#8217;ACCIONS LEGALS<\/h3><\/div>\n\n\n\n<div class=\"wp-block-uagb-advanced-heading uagb-block-0fea2cb8\"><p class=\"uagb-heading-text\">Alcoi Verd&nbsp;es reserva en tot moment l&#8217;exercici de quants mitjans o accions legals li corresponguin en defensa dels seus leg\u00edtims drets de propietat intel\u00b7lectual i industrial enfront d&#8217;un \u00fas no autoritzat dels mateixos o a qualsevol actuaci\u00f3 que pogu\u00e9s perjudicar-los.<\/p><\/div>\n<\/div>\n\n\n\n<div class=\"wp-block-uagb-container uagb-block-e9a6ab97\">\n<div class=\"wp-block-uagb-advanced-heading uagb-block-0fea2cb8\"><h3 class=\"uagb-heading-text\">ENLLA\u00c7OS<\/h3><\/div>\n\n\n\n<div class=\"wp-block-uagb-advanced-heading uagb-block-98ffe37a\"><p class=\"uagb-heading-text\">Els enlla\u00e7os amb els quals l&#8217;usuari pugui trobar-se durant la navegaci\u00f3 en aquest lloc web li permeten abandonar aquest lloc.<\/p><\/div>\n\n\n\n<div class=\"wp-block-uagb-advanced-heading uagb-block-8389d6ed\"><p class=\"uagb-heading-text\">Els llocs enlla\u00e7ats no estan relacionats, excepte indicaci\u00f3 en cas contrari, amb&nbsp;Alcoi Verd, qui no es fa responsable dels continguts als quals s&#8217;accedeixi en virtut dels esmentats enlla\u00e7os, ni de les modificacions que es duguin a terme en aquests, ni de l&#8217;\u00fas que d&#8217;aquells es realitzi, ni de la disponibilitat t\u00e8cnica d&#8217;aquests.<\/p><\/div>\n\n\n\n<div class=\"wp-block-uagb-advanced-heading uagb-block-3189c8f9\"><p class=\"uagb-heading-text\">En qualsevol cas,&nbsp;Alcoi Verd&nbsp;es compromet a fer tot el possible per a evitar l&#8217;exist\u00e8ncia en el seu lloc web d&#8217;enlla\u00e7os a p\u00e0gines de contingut il\u00b7legal, que promoguin activitats il\u00b7l\u00edcites, racistes, xen\u00f2fobes i, en general, susceptibles d&#8217;atemptar contra els principis de llibertat i de dignitat humana o vulnerin els valors i drets reconeguts per la Constituci\u00f3 Espanyola i per la Declaraci\u00f3 Universal dels Drets Humans.<\/p><\/div>\n\n\n\n<div class=\"wp-block-uagb-advanced-heading uagb-block-55b3e04e\"><p class=\"uagb-heading-text\">En el cas que algun usuari estim\u00e9s que algun enlla\u00e7 incl\u00f2s el Lloc web menyscaba en qualsevol forma els seus drets o si li suposa el m\u00e9s m\u00ednim perjudici, tan sols ha de comunicar-ho mitjan\u00e7ant l&#8217;enviament d&#8217;un correu electr\u00f2nic a&nbsp;Alcoi Verd&nbsp;, tenint la confian\u00e7a que es prendran les mesures oportunes sobre aquest tema.<\/p><\/div>\n<\/div>\n\n\n\n<div class=\"wp-block-uagb-container uagb-block-4ed620ed\">\n<div class=\"wp-block-uagb-advanced-heading uagb-block-a63b2640\"><h3 class=\"uagb-heading-text\">CONTINGUT DE LA WEB<\/h3><\/div>\n\n\n\n<div class=\"wp-block-uagb-advanced-heading uagb-block-a6d3dc56\"><p class=\"uagb-heading-text\">Alcoi Verd&nbsp;no es responsabilitza del mal \u00fas que es realitzi dels continguts de la nostra p\u00e0gina web, sent exclusiva responsabilitat de la persona que accedeix a ells o els utilitza.<\/p><\/div>\n<\/div>\n\n\n\n<div class=\"wp-block-uagb-container uagb-block-12ec2679\">\n<div class=\"wp-block-uagb-advanced-heading uagb-block-6f157c9d\"><h3 class=\"uagb-heading-text\">ACTUALITZACI\u00d3 I MODIFICACI\u00d3 DE LA P\u00c0GINA WEB<\/h3><\/div>\n\n\n\n<div class=\"wp-block-uagb-advanced-heading uagb-block-ae932597\"><p class=\"uagb-heading-text\">Alcoi Verd&nbsp;es reserva el dret a modificar o eliminar, sense previ av\u00eds, tant la informaci\u00f3 continguda en el seu lloc web, aix\u00ed com la seva configuraci\u00f3 i presentaci\u00f3, sense assumir cap responsabilitat per aix\u00f2.<\/p><\/div>\n<\/div>\n\n\n\n<div class=\"wp-block-uagb-container uagb-block-13651991\">\n<div class=\"wp-block-uagb-advanced-heading uagb-block-5c143a45\"><h3 class=\"uagb-heading-text\">INDICACIONS SOBRE ASPECTES T\u00c8CNICS<\/h3><\/div>\n\n\n\n<div class=\"wp-block-uagb-advanced-heading uagb-block-e272dc4e\"><p class=\"uagb-heading-text\">Alcoi Verd&nbsp;no asume ninguna responsabilidad que se pueda derivar de problemas t\u00e9cnicos o fallos en los equipos inform\u00e1ticos que se produzcan durante la conexi\u00f3n a la red de Internet, as\u00ed como de da\u00f1os que pudieran ser causados por terceras personas mediante intromisiones ileg\u00edtimas fuera del control de&nbsp;Alcoi Verd.<\/p><\/div>\n\n\n\n<div class=\"wp-block-uagb-advanced-heading uagb-block-49e424d3\"><p class=\"uagb-heading-text\">Tamb\u00e9 quedem exonerats de tota responsabilitat davant possibles danys o perjudicis que pugui sofrir l&#8217;usuari a conseq\u00fc\u00e8ncia d&#8217;errors, defectes o omissions en la informaci\u00f3 que facilitem quan escaigui de fonts alienes a nosaltres.<\/p><\/div>\n<\/div>\n\n\n\n<div class=\"wp-block-uagb-container uagb-block-865b9b34\">\n<div class=\"wp-block-uagb-advanced-heading uagb-block-8519be30\"><h3 class=\"uagb-heading-text\">CONDICIONS D&#8217;ACC\u00c9S<\/h3><\/div>\n\n\n\n<div class=\"wp-block-uagb-advanced-heading uagb-block-85a19bc8\"><p class=\"uagb-heading-text\">En general, l&#8217;acc\u00e9s als continguts facilitats per &#8220;Alcoi Verd&#8221; ser\u00e0 de car\u00e0cter lliure i gratu\u00eft, i no s&#8217;exigir\u00e0 als usuaris que facilitin dades personals, ni se subscriguin, ni facin \u00fas de claus o contrasenyes, a excepci\u00f3 de l&#8217;acc\u00e9s restringit a la secci\u00f3 de clients de &#8220;Alcoi Verd&#8221;.<\/p><\/div>\n\n\n\n<div class=\"wp-block-uagb-advanced-heading uagb-block-bc0a5bba\"><p class=\"uagb-heading-text\">Quan per a la contractaci\u00f3 o sol\u00b7licitud d&#8217;informaci\u00f3 d&#8217;un determinat servei sigui necessari facilitar dades de car\u00e0cter personal, els usuaris garantiran la seva veracitat, exactitud, autenticitat i vig\u00e8ncia. &#8220;Alcoi Verd&#8221; es compromet a donar a aquestes dades el tractament automatitzat que correspongui en funci\u00f3 de la naturalesa i finalitat d&#8217;aquests, en les condicions i termes que queden reflectides en la Pol\u00edtica de Privacitat.<\/p><\/div>\n\n\n\n<div class=\"wp-block-uagb-advanced-heading uagb-block-67d2f3a7\"><p class=\"uagb-heading-text\">Per a aquells casos en els quals es fa necessari l&#8217;\u00fas de claus d&#8217;acc\u00e9s (nom d&#8217;usuari i contrasenya), l&#8217;usuari es compromet a usar-les d&#8217;acord amb les seg\u00fcents restriccions:<\/p><\/div>\n\n\n\n<div class=\"wp-block-uagb-advanced-heading uagb-block-4eb89fe0\"><p class=\"uagb-heading-text\">Les claus, triades per l&#8217;usuari, no hauran de ser contr\u00e0ries a la moral i els bons costums generalment acceptades, ni de qualsevol mode infringir els drets de propietat industrial i intel\u00b7lectual i a l&#8217;honor i a la pr\u00f2pia imatge de tercers.<\/p><\/div>\n\n\n\n<div class=\"wp-block-uagb-advanced-heading uagb-block-d9871960\"><p class=\"uagb-heading-text\">Les claus d&#8217;acc\u00e9s s\u00f3n per a \u00fas personal i exclusiu de l&#8217;usuari titular d&#8217;aquestes, i la seva cust\u00f2dia i correcta utilitzaci\u00f3 s\u00f3n responsabilitat d&#8217;aquest. &#8220;Alcoi Verd&#8221; no es fa responsable per cap perjudici en qu\u00e8 l&#8217;usuari o tercers puguin inc\u00f3rrer a conseq\u00fc\u00e8ncia que altres persones facin \u00fas de les seves claus, amb o sense consentiment o coneixement de l&#8217;usuari.<\/p><\/div>\n\n\n\n<div class=\"wp-block-uagb-advanced-heading uagb-block-ba731fd6\"><p class=\"uagb-heading-text\">No obstant aix\u00f2, &#8220;Alcoi Verd&#8221; es compromet a complir amb el deure de secret respecte a les claus registrades i utilitzades pels usuaris.<\/p><\/div>\n<\/div>\n\n\n\n<div class=\"wp-block-uagb-container uagb-block-c613c403\">\n<div class=\"wp-block-uagb-advanced-heading uagb-block-f5596c05\"><h3 class=\"uagb-heading-text\">CONDICIONS D&#8217;\u00daS<\/h3><\/div>\n\n\n\n<div class=\"wp-block-uagb-advanced-heading uagb-block-e35005c5\"><p class=\"uagb-heading-text\">L&#8217;\u00fas del lloc web de &#8220;Alcoi Verd&#8221; haur\u00e0 d&#8217;obeir al contingut d&#8217;aquestes Condicions Generals, a qualssevol disposicions legals aplicables i a les exig\u00e8ncies de la moral i els bons costums generalment acceptades, aix\u00ed com a les d&#8217;ordre p\u00fablic.<\/p><\/div>\n\n\n\n<div class=\"wp-block-uagb-advanced-heading uagb-block-693fa7e2\"><p class=\"uagb-heading-text\">Excepte pr\u00e8via i expressa autoritzaci\u00f3 de &#8220;Alcoi Verd&#8221;, els usuaris \u00fanicament podran fer \u00fas dels continguts i serveis oferts en aquest lloc web a mode personal, abstenint-se de realitzar qualsevol acte que, directament o indirectament, suposi una explotaci\u00f3 comercial d&#8217;aquests.<\/p><\/div>\n\n\n\n<div class=\"wp-block-uagb-advanced-heading uagb-block-3e5053d7\"><p class=\"uagb-heading-text\">En tot cas, els usuaris utilitzaran els continguts i serveis facilitats per &#8220;Alcoi Verd&#8221; de conformitat amb la legalitat vigent, i assumiran les responsabilitats que els corresponguin per les conductes o activitats que, en qualsevol forma, puguin resultar il\u00b7l\u00edcites o lesives per a drets de tercers o que puguin perjudicar, impedir o limitar l&#8217;\u00fas d&#8217;aquest lloc web a altres usuaris.<\/p><\/div>\n\n\n\n<div class=\"wp-block-uagb-advanced-heading uagb-block-41d8b845\"><p class=\"uagb-heading-text\">Els usuaris es comprometen a no transmetre o difondre a trav\u00e9s de &#8220;Alcoi Verd&#8221; missatges, imatges, fotografies, programari, dades o continguts que:<\/p><\/div>\n\n\n\n<div class=\"wp-block-uagb-advanced-heading uagb-block-b514836c\"><p class=\"uagb-heading-text\">de qualsevol forma contravinguin o atemptin contra drets fonamentals reconeguts per l&#8217;ordenament jur\u00eddic.<br>indueixin, incitin o promoguin actuacions delictives, denigrat\u00f2ries, difamat\u00f2ries, infamants, violentes, discriminat\u00f2ries per ra\u00f3 de sexe, ra\u00e7a, religi\u00f3 o ideologia, o, en general, siguin contr\u00e0ries a la llei, a la moral o a l&#8217;ordre p\u00fablic.<br>siguin falsos, ambigus, inexactes, exagerats, obscens o extemporanis.<br>es trobin protegits per qualssevol drets de propietat intel\u00b7lectual o industrial pertanyents a tercers, excepte pr\u00e8via i suficient autoritzaci\u00f3 del seu leg\u00edtim titular.<br>lesionin o puguin lesionar el dret a l&#8217;honor, a la intimitat personal, a la pr\u00f2pia imatge de terceres persones o infringeixin la normativa sobre el secret o confidencialitat de les comunicacions.<br>constitueixin publicitat il\u00b7l\u00edcita, enganyosa o deslleial.<br>continguin virus, cavalls de Troia, cucs, bombes de temps o qualsevol altre material o programa que pugui danyar o alterar el funcionament d&#8217;equips o sistemes inform\u00e0tics.<\/p><\/div>\n\n\n\n<div class=\"wp-block-uagb-advanced-heading uagb-block-2a01b5de\"><p class=\"uagb-heading-text\">&#8220;Alcoi Verd&#8221; es reserva el dret unilateral, en qualsevol moment i sense previ av\u00eds o justificaci\u00f3, de denegar l&#8217;acc\u00e9s al seu lloc web a aquells usuaris que incompleixin aquestes Condicions Generals d&#8217;\u00das.<\/p><\/div>\n<\/div>\n<\/div><\/div>\n","protected":false},"excerpt":{"rendered":"<p>ALCOI VERD AV\u00cdS LEGAL DADES DE L&#8217;EMPRESA En compliment de l&#8217;article 10 de la Llei 34\/2002, d&#8217;11 de juliol, de Serveis de la Societat de la Informaci\u00f3 i Comer\u00e7 Electr\u00f2nic, a continuaci\u00f3 s&#8217;exposen les dades identificatives de l&#8217;empresa. Nom Jur\u00eddic:&nbsp;MANUEL DAVID CANO BARRACHINADenominaci\u00f3n social:&nbsp;Aut\u00f2nomN\u00famero d&#8217;identificaci\u00f3 fiscal:&nbsp;21649092CDomicili social:&nbsp;CASTELLA LEON, 7 \u2013 CORRENTIAS BAIXESCorreu electr\u00f2nic:&nbsp;alcoiverd@alcoiverd.comTel\u00e8fon:&nbsp;965350306 El lloc [&hellip;]<\/p>\n","protected":false},"author":1,"featured_media":0,"parent":0,"menu_order":6,"comment_status":"closed","ping_status":"closed","template":"","meta":{"_uag_custom_page_level_css":"","footnotes":""},"class_list":["post-444","page","type-page","status-publish","hentry"],"uagb_featured_image_src":{"full":false,"thumbnail":false,"medium":false,"medium_large":false,"large":false,"1536x1536":false,"2048x2048":false},"uagb_author_info":{"display_name":"redaccion","author_link":"https:\/\/www.alcoiverd.com\/ca\/author\/redaccion\/"},"uagb_comment_info":0,"uagb_excerpt":"ALCOI VERD AV\u00cdS LEGAL DADES DE L&#8217;EMPRESA En compliment de l&#8217;article 10 de la Llei 34\/2002, d&#8217;11 de juliol, de Serveis de la Societat de la Informaci\u00f3 i Comer\u00e7 Electr\u00f2nic, a continuaci\u00f3 s&#8217;exposen les dades identificatives de l&#8217;empresa. Nom Jur\u00eddic:&nbsp;MANUEL DAVID CANO BARRACHINADenominaci\u00f3n social:&nbsp;Aut\u00f2nomN\u00famero d&#8217;identificaci\u00f3 fiscal:&nbsp;21649092CDomicili social:&nbsp;CASTELLA LEON, 7 \u2013 CORRENTIAS BAIXESCorreu electr\u00f2nic:&nbsp;alcoiverd@alcoiverd.comTel\u00e8fon:&nbsp;965350306 El lloc&hellip;","_links":{"self":[{"href":"https:\/\/www.alcoiverd.com\/ca\/wp-json\/wp\/v2\/pages\/444","targetHints":{"allow":["GET"]}}],"collection":[{"href":"https:\/\/www.alcoiverd.com\/ca\/wp-json\/wp\/v2\/pages"}],"about":[{"href":"https:\/\/www.alcoiverd.com\/ca\/wp-json\/wp\/v2\/types\/page"}],"author":[{"embeddable":true,"href":"https:\/\/www.alcoiverd.com\/ca\/wp-json\/wp\/v2\/users\/1"}],"replies":[{"embeddable":true,"href":"https:\/\/www.alcoiverd.com\/ca\/wp-json\/wp\/v2\/comments?post=444"}],"version-history":[{"count":3,"href":"https:\/\/www.alcoiverd.com\/ca\/wp-json\/wp\/v2\/pages\/444\/revisions"}],"predecessor-version":[{"id":615,"href":"https:\/\/www.alcoiverd.com\/ca\/wp-json\/wp\/v2\/pages\/444\/revisions\/615"}],"wp:attachment":[{"href":"https:\/\/www.alcoiverd.com\/ca\/wp-json\/wp\/v2\/media?parent=444"}],"curies":[{"name":"wp","href":"https:\/\/api.w.org\/{rel}","templated":true}]}}