{"id":452,"date":"2024-08-30T14:18:43","date_gmt":"2024-08-30T12:18:43","guid":{"rendered":"https:\/\/dev.alcoiverd.com\/contacto\/"},"modified":"2024-09-19T09:10:32","modified_gmt":"2024-09-19T07:10:32","slug":"contacto","status":"publish","type":"page","link":"https:\/\/www.alcoiverd.com\/ca\/contacto\/","title":{"rendered":"Contacto"},"content":{"rendered":"\n<div class=\"wp-block-uagb-container uagb-block-dd514b91 alignfull uagb-is-root-container\"><div class=\"uagb-container-inner-blocks-wrap\">\n<div class=\"wp-block-uagb-advanced-heading uagb-block-bd1d3867\"><h1 class=\"uagb-heading-text\">CONTACTE<\/h1><\/div>\n\n\n\n<div class=\"wp-block-uagb-advanced-heading uagb-block-248d7fa8\"><h2 class=\"uagb-heading-text\">CONTACTA&#8217;NS<\/h2><\/div>\n<\/div><\/div>\n\n\n\n<div class=\"wp-block-uagb-container uagb-block-0f990fa4 alignfull uagb-is-root-container\">\n<div class=\"wp-block-uagb-image uagb-block-0db008ec wp-block-uagb-image--layout-default wp-block-uagb-image--effect-static wp-block-uagb-image--align-none\"><figure class=\"wp-block-uagb-image__figure\"><img decoding=\"async\" srcset=\"https:\/\/www.alcoiverd.com\/wp-content\/uploads\/2024\/09\/background-contacto-2.png ,https:\/\/www.alcoiverd.com\/wp-content\/uploads\/2024\/09\/background-contacto-2.png 780w, https:\/\/www.alcoiverd.com\/wp-content\/uploads\/2024\/09\/background-contacto-2.png 360w\" sizes=\"auto, (max-width: 480px) 150px\" src=\"https:\/\/www.alcoiverd.com\/wp-content\/uploads\/2024\/09\/background-contacto-2.png\" alt=\"\" class=\"uag-image-310\" width=\"1872\" height=\"406\" title=\"background-contacto-2\" loading=\"lazy\" role=\"img\"\/><\/figure><\/div>\n<\/div>\n\n\n\n<div class=\"wp-block-uagb-container uagb-block-dc7e8bdc alignfull uagb-is-root-container\"><div class=\"uagb-container-inner-blocks-wrap\">\n<div class=\"wp-block-uagb-container uagb-block-6acef7d7\">\n<div class=\"wp-block-uagb-advanced-heading uagb-block-ce4745e4\"><h3 class=\"uagb-heading-text\">Connecta&#8217;t amb nosaltres<\/h3><\/div>\n\n\n\n<div class=\"wp-block-uagb-advanced-heading uagb-block-4c8a5815\"><p class=\"uagb-heading-text\"><em>A Alcoi Verd, valorem cadascuna de les opinions dels nostres clients i som aqu\u00ed per a resoldre qualsevol dubte que puguis tenir. Si tens preguntes sobre els nostres productes, necessites m\u00e9s informaci\u00f3, o simplement vols saber m\u00e9s sobre les nostres infusions, no dubtis a posar-te en contacte amb nosaltres.<\/em><\/p><\/div>\n<\/div>\n<\/div><\/div>\n\n\n\n<div class=\"wp-block-uagb-container uagb-block-f03cd915 alignfull uagb-is-root-container\"><div class=\"uagb-container-inner-blocks-wrap\">\n<div class=\"wp-block-uagb-container contact-container uagb-block-d491cc6f\">\n<div class=\"wpcf7 no-js\" id=\"wpcf7-f477-o1\" lang=\"ca\" dir=\"ltr\" data-wpcf7-id=\"477\">\n<div class=\"screen-reader-response\"><p role=\"status\" aria-live=\"polite\" aria-atomic=\"true\"><\/p> <ul><\/ul><\/div>\n<form action=\"\/ca\/wp-json\/wp\/v2\/pages\/452#wpcf7-f477-o1\" method=\"post\" class=\"wpcf7-form init\" aria-label=\"Formulari de contacte\" novalidate=\"novalidate\" data-status=\"init\">\n<fieldset class=\"hidden-fields-container\"><input type=\"hidden\" name=\"_wpcf7\" value=\"477\" \/><input type=\"hidden\" name=\"_wpcf7_version\" value=\"6.1.5\" \/><input type=\"hidden\" name=\"_wpcf7_locale\" value=\"ca\" \/><input type=\"hidden\" name=\"_wpcf7_unit_tag\" value=\"wpcf7-f477-o1\" \/><input type=\"hidden\" name=\"_wpcf7_container_post\" value=\"0\" \/><input type=\"hidden\" name=\"_wpcf7_posted_data_hash\" value=\"\" \/><input type=\"hidden\" name=\"_wpcf7_recaptcha_response\" value=\"\" \/>\n<\/fieldset>\n<fieldset>\n\t<legend>Formulari de contacte\n\t<\/legend>\n\t<div class=\"row\">\n\t\t<div class=\"column\">\n\t\t\t<p><label> Nom* <\/label><br \/>\n<span class=\"wpcf7-form-control-wrap\" data-name=\"nombre\"><input size=\"40\" maxlength=\"400\" class=\"wpcf7-form-control wpcf7-text wpcf7-validates-as-required\" aria-required=\"true\" aria-invalid=\"false\" placeholder=\"Nom\" value=\"\" type=\"text\" name=\"nombre\" \/><\/span>\n\t\t\t<\/p>\n\t\t<\/div>\n\t\t<div class=\"column\">\n\t\t\t<p><label> Email* <\/label><br \/>\n<span class=\"wpcf7-form-control-wrap\" data-name=\"correo\"><input size=\"40\" maxlength=\"400\" class=\"wpcf7-form-control wpcf7-email wpcf7-validates-as-required wpcf7-text wpcf7-validates-as-email\" aria-required=\"true\" aria-invalid=\"false\" placeholder=\"Email\" value=\"\" type=\"email\" name=\"correo\" \/><\/span>\n\t\t\t<\/p>\n\t\t<\/div>\n\t<\/div>\n\t<div class=\"row\">\n\t\t<div class=\"column\">\n\t\t\t<p><label> Cognoms <\/label><br \/>\n<span class=\"wpcf7-form-control-wrap\" data-name=\"apellidos\"><input size=\"40\" maxlength=\"400\" class=\"wpcf7-form-control wpcf7-text\" aria-invalid=\"false\" placeholder=\"Cognoms\" value=\"\" type=\"text\" name=\"apellidos\" \/><\/span>\n\t\t\t<\/p>\n\t\t<\/div>\n\t\t<div class=\"column\">\n\t\t\t<p><label> Assumpte <\/label><br \/>\n<span class=\"wpcf7-form-control-wrap\" data-name=\"asunto\"><input size=\"40\" maxlength=\"400\" class=\"wpcf7-form-control wpcf7-text\" aria-invalid=\"false\" placeholder=\"Assumpte\" value=\"\" type=\"text\" name=\"asunto\" \/><\/span>\n\t\t\t<\/p>\n\t\t<\/div>\n\t<\/div>\n\t<p><label> Missatge* <\/label><br \/>\n<span class=\"wpcf7-form-control-wrap\" data-name=\"mensaje\"><textarea cols=\"40\" rows=\"10\" maxlength=\"2000\" class=\"wpcf7-form-control wpcf7-textarea wpcf7-validates-as-required\" aria-required=\"true\" aria-invalid=\"false\" placeholder=\"Missatge\" name=\"mensaje\"><\/textarea><\/span>\n\t<\/p>\n\t<p><span class=\"wpcf7-form-control-wrap\" data-name=\"aceptacion-privacity\"><span class=\"wpcf7-form-control wpcf7-acceptance\"><span class=\"wpcf7-list-item\"><label><input type=\"checkbox\" name=\"aceptacion-privacity\" value=\"1\" aria-invalid=\"false\" \/><span class=\"wpcf7-list-item-label\">Accepto la <a href=\"\/ca\/politica-de-privacidad\/\">pol\u00edtica de privacitat<\/a> de Alcoi Verd<\/span><\/label><\/span><\/span><\/span>\n\t<\/p>\n\t<p><input class=\"wpcf7-form-control wpcf7-submit has-spinner\" type=\"submit\" value=\"Sol\u00b7licita informaci\u00f3\" \/>\n\t<\/p>\n<\/fieldset><div class=\"wpcf7-response-output\" aria-hidden=\"true\"><\/div>\n<\/form>\n<\/div>\n\n<\/div>\n<\/div><\/div>\n\n\n\n<div class=\"wp-block-uagb-container uagb-block-d0d9391e alignfull uagb-is-root-container\"><div class=\"uagb-container-inner-blocks-wrap\">\n<div class=\"wp-block-uagb-container uagb-block-5939f3dd\">\t\t\t<div \n\t\t\tclass=\"wp-block-uagb-google-map uagb-google-map__wrap uagb-block-293e0d95     \"\n\t\t\tstyle=\"\" >\n\t\t\t\t<embed\n\t\t\t\t\tclass=\"uagb-google-map__iframe\"\n\t\t\t\t\ttitle=\"Google Map for \"\n\t\t\t\t\tsrc=\"https:\/\/maps.google.com\/maps?q=C.%20Castilla%20i%20Le%C3%B3n%2C%207%2C%2003313%20Corrent%C3%ADas%20Bajas%2C%20Alicante&#038;z=15&#038;hl=es&#038;t=m&#038;output=embed&#038;iwloc=near\"\n\t\t\t\t\twidth=\"640\"\n\t\t\t\t\theight=\"460\"\n\t\t\t\t\tloading=\"lazy\"\n\t\t\t\t><\/embed>\n\t\t\t<\/div>\n\t\t\t<\/div>\n\n\n\n<div class=\"wp-block-uagb-container uagb-block-cf011305\">\n<div class=\"wp-block-uagb-container uagb-block-d86319f6\">\n<div class=\"wp-block-uagb-advanced-heading uagb-block-480dd39c\"><h3 class=\"uagb-heading-text\">Ubicaci\u00f3<\/h3><\/div>\n\n\n\n<div class=\"wp-block-uagb-advanced-heading uagb-block-fa45f41e\"><p class=\"uagb-heading-text\"><em>C\/. Castilla Le\u00f3n, 7 \u2013 Corrent\u00edas Bajas\u2028<\/em><\/p><\/div>\n\n\n\n<div class=\"wp-block-uagb-advanced-heading uagb-block-61f6ba5a\"><p class=\"uagb-heading-text\"><em>Orihuela \u2013 Alacant \u2013 Espa\u00f1a<\/em><\/p><\/div>\n<\/div>\n\n\n\n<div class=\"wp-block-uagb-container uagb-block-b6f7ece2\">\n<div class=\"wp-block-uagb-advanced-heading uagb-block-2b9bb6da\"><h3 class=\"uagb-heading-text\">Tel\u00e8fon<\/h3><\/div>\n\n\n\n<div class=\"wp-block-uagb-advanced-heading uagb-block-bd73d638\"><p class=\"uagb-heading-text\"><em><a href=\"tel:965350306\">965 350 306<\/a><\/em><\/p><\/div>\n<\/div>\n\n\n\n<div class=\"wp-block-uagb-container uagb-block-2815d215\">\n<div class=\"wp-block-uagb-advanced-heading uagb-block-9d03f19f\"><h3 class=\"uagb-heading-text\">Correu<\/h3><\/div>\n\n\n\n<div class=\"wp-block-uagb-advanced-heading uagb-block-40745ae2\"><p class=\"uagb-heading-text\"><em><a href=\"mailto:alcoiverd@alcoiverd.com\">alcoiverd@alcoiverd.com<\/a><\/em><\/p><\/div>\n<\/div>\n<\/div>\n<\/div><\/div>\n","protected":false},"excerpt":{"rendered":"<p>CONTACTE CONTACTA&#8217;NS Connecta&#8217;t amb nosaltres A Alcoi Verd, valorem cadascuna de les opinions dels nostres clients i som aqu\u00ed per a resoldre qualsevol dubte que puguis tenir. Si tens preguntes sobre els nostres productes, necessites m\u00e9s informaci\u00f3, o simplement vols saber m\u00e9s sobre les nostres infusions, no dubtis a posar-te en contacte amb nosaltres.<\/p>\n","protected":false},"author":1,"featured_media":0,"parent":0,"menu_order":3,"comment_status":"closed","ping_status":"closed","template":"","meta":{"_uag_custom_page_level_css":"","footnotes":""},"class_list":["post-452","page","type-page","status-publish","hentry"],"uagb_featured_image_src":{"full":false,"thumbnail":false,"medium":false,"medium_large":false,"large":false,"1536x1536":false,"2048x2048":false},"uagb_author_info":{"display_name":"redaccion","author_link":"https:\/\/www.alcoiverd.com\/ca\/author\/redaccion\/"},"uagb_comment_info":0,"uagb_excerpt":"CONTACTE CONTACTA&#8217;NS Connecta&#8217;t amb nosaltres A Alcoi Verd, valorem cadascuna de les opinions dels nostres clients i som aqu\u00ed per a resoldre qualsevol dubte que puguis tenir. Si tens preguntes sobre els nostres productes, necessites m\u00e9s informaci\u00f3, o simplement vols saber m\u00e9s sobre les nostres infusions, no dubtis a posar-te en contacte amb nosaltres.","_links":{"self":[{"href":"https:\/\/www.alcoiverd.com\/ca\/wp-json\/wp\/v2\/pages\/452","targetHints":{"allow":["GET"]}}],"collection":[{"href":"https:\/\/www.alcoiverd.com\/ca\/wp-json\/wp\/v2\/pages"}],"about":[{"href":"https:\/\/www.alcoiverd.com\/ca\/wp-json\/wp\/v2\/types\/page"}],"author":[{"embeddable":true,"href":"https:\/\/www.alcoiverd.com\/ca\/wp-json\/wp\/v2\/users\/1"}],"replies":[{"embeddable":true,"href":"https:\/\/www.alcoiverd.com\/ca\/wp-json\/wp\/v2\/comments?post=452"}],"version-history":[{"count":3,"href":"https:\/\/www.alcoiverd.com\/ca\/wp-json\/wp\/v2\/pages\/452\/revisions"}],"predecessor-version":[{"id":611,"href":"https:\/\/www.alcoiverd.com\/ca\/wp-json\/wp\/v2\/pages\/452\/revisions\/611"}],"wp:attachment":[{"href":"https:\/\/www.alcoiverd.com\/ca\/wp-json\/wp\/v2\/media?parent=452"}],"curies":[{"name":"wp","href":"https:\/\/api.w.org\/{rel}","templated":true}]}}