{"id":454,"date":"2024-08-30T14:17:49","date_gmt":"2024-08-30T12:17:49","guid":{"rendered":"https:\/\/dev.alcoiverd.com\/productos\/"},"modified":"2024-09-19T14:04:54","modified_gmt":"2024-09-19T12:04:54","slug":"productos","status":"publish","type":"page","link":"https:\/\/www.alcoiverd.com\/ca\/productos\/","title":{"rendered":"Productos"},"content":{"rendered":"\n<div class=\"wp-block-uagb-container uagb-block-0af69fd8 alignfull uagb-is-root-container\"><div class=\"uagb-container-inner-blocks-wrap\">\n<div class=\"wp-block-uagb-advanced-heading uagb-block-9730d451\"><h1 class=\"uagb-heading-text\">ELS NOSTRES PRODUCTES<\/h1><\/div>\n\n\n\n<div class=\"wp-block-uagb-advanced-heading uagb-block-ae539278\"><h2 class=\"uagb-heading-text\">INFUSIONS<\/h2><\/div>\n<\/div><\/div>\n\n\n\n<div class=\"wp-block-uagb-container uagb-block-6f2314a8 alignfull uagb-is-root-container\">\n<div class=\"wp-block-uagb-image uagb-block-ab1f78dd wp-block-uagb-image--layout-default wp-block-uagb-image--effect-static wp-block-uagb-image--align-none\"><figure class=\"wp-block-uagb-image__figure\"><img decoding=\"async\" srcset=\"https:\/\/www.alcoiverd.com\/wp-content\/uploads\/2024\/09\/background-2.png ,https:\/\/www.alcoiverd.com\/wp-content\/uploads\/2024\/09\/background-2.png 780w, https:\/\/www.alcoiverd.com\/wp-content\/uploads\/2024\/09\/background-2-1024x222.png 360w\" sizes=\"auto, (max-width: 480px) 150px\" src=\"https:\/\/www.alcoiverd.com\/wp-content\/uploads\/2024\/09\/background-2.png\" alt=\"\" class=\"uag-image-304\" width=\"1872\" height=\"406\" title=\"background-2\" loading=\"lazy\" role=\"img\"\/><\/figure><\/div>\n<\/div>\n\n\n\n<div class=\"wp-block-uagb-container uagb-block-dc7e8bdc alignfull uagb-is-root-container\"><div class=\"uagb-container-inner-blocks-wrap\">\n<div class=\"wp-block-uagb-container uagb-block-6acef7d7\">\n<div class=\"wp-block-uagb-advanced-heading uagb-block-ce4745e4\"><h3 class=\"uagb-heading-text\">Infusions de Qualitat Superior<\/h3><\/div>\n\n\n\n<div class=\"wp-block-uagb-advanced-heading uagb-block-e1459bec\"><p class=\"uagb-heading-text\"><em>A Alcoi Verd, seleccionem acuradament les millors herbes i plantes per a crear infusions \u00faniques que aportin beneficis tant per al cos com per a l&#8217;\u00e0nima. Descobreix les nostres opcions i troba la infusi\u00f3 perfecta per a cada moment del dia.<\/em><\/p><\/div>\n<\/div>\n<\/div><\/div>\n\n\n\n<div class=\"wp-block-uagb-container uagb-block-58c233c6 alignfull uagb-is-root-container\">\n<div class=\"wp-block-uagb-container order-1 responsive-container uagb-block-d587749f\">\n<div class=\"wp-block-uagb-image uagb-block-7c963a6a wp-block-uagb-image--layout-default wp-block-uagb-image--effect-static wp-block-uagb-image--align-none\"><figure class=\"wp-block-uagb-image__figure\"><img decoding=\"async\" srcset=\"https:\/\/www.alcoiverd.com\/wp-content\/uploads\/2024\/09\/fenoll.png ,https:\/\/www.alcoiverd.com\/wp-content\/uploads\/2024\/09\/fenoll.png 780w, https:\/\/www.alcoiverd.com\/wp-content\/uploads\/2024\/09\/fenoll.png 360w\" sizes=\"auto, (max-width: 480px) 150px\" src=\"https:\/\/www.alcoiverd.com\/wp-content\/uploads\/2024\/09\/fenoll.png\" alt=\"\" class=\"uag-image-111\" width=\"936\" height=\"696\" title=\"fenoll\" loading=\"lazy\" role=\"img\"\/><\/figure><\/div>\n<\/div>\n\n\n\n<div class=\"wp-block-uagb-container order-1 uagb-block-59c94867\">\n<div class=\"wp-block-uagb-container uagb-block-e695388f\">\n<div class=\"wp-block-uagb-advanced-heading uagb-block-3a2f4721\"><h3 class=\"uagb-heading-text\">Fenoll<\/h3><\/div>\n\n\n\n<div class=\"wp-block-uagb-advanced-heading uagb-block-4b9db033\"><h2 class=\"uagb-heading-text\"><em>La nostra infusi\u00f3 de Fenoll \u00e9s coneguda pel seu sabor agradable i mel\u00f3s, una combinaci\u00f3 que resulta en una degustaci\u00f3 exquisida i original. Aquesta infusi\u00f3 no sols delecta el paladar sin\u00f3 que tamb\u00e9 aporta m\u00faltiples beneficis per a la salut.<\/em><\/h2><\/div>\n\n\n\n<div class=\"wp-block-uagb-container uagb-block-81760291\">\n<div class=\"wp-block-uagb-advanced-heading uagb-block-001cacca\"><h2 class=\"uagb-heading-text\"><em>Beneficis:<\/em><\/h2><\/div>\n\n\n\n<ul style=\"color:#171515;margin-right:0;margin-left:0;padding-top:0;padding-right:var(--wp--preset--spacing--30);padding-bottom:0;padding-left:var(--wp--preset--spacing--30);font-size:clamp(14px, 0.875rem + ((1vw - 3.2px) * 0.313), 17px);font-style:normal;font-weight:400\" class=\"wp-block-list has-text-color has-link-color has-lato-font-family wp-elements-ff40ebc225b9aab829579d2613e8710a\">\n<li><em>Estimula l&#8217;activitat funcional de l&#8217;organisme.<\/em><\/li>\n\n\n\n<li><em>Regula les funcions de l&#8217;est\u00f3mac, fetge i ronyons.<\/em><\/li>\n\n\n\n<li><em>Facilita l&#8217;expulsi\u00f3 de gasos.<\/em><\/li>\n\n\n\n<li><em>Indicada per a bronquitis i catarros.<\/em><\/li>\n\n\n\n<li><em>Normalitza els desarreglos de la menstruaci\u00f3.<\/em><\/li>\n<\/ul>\n<\/div>\n\n\n\n<div class=\"wp-block-uagb-advanced-heading uagb-block-9fc5b40a\"><h2 class=\"uagb-heading-text\"><em>Recomanaci\u00f3 d&#8217;\u00fas: Perfecta per a despr\u00e9s dels menjars, ajudant a la digesti\u00f3 i proporcionant un suau confort.<\/em><\/h2><\/div>\n<\/div>\n<\/div>\n\n\n\n<div class=\"wp-block-uagb-container order-4 uagb-block-c3da794c\">\n<div class=\"wp-block-uagb-container uagb-block-c9896263\">\n<div class=\"wp-block-uagb-advanced-heading uagb-block-07964776\"><h3 class=\"uagb-heading-text\">Herbero<\/h3><\/div>\n\n\n\n<div class=\"wp-block-uagb-advanced-heading uagb-block-d11ac646\"><h2 class=\"uagb-heading-text\"><em>La infusi\u00f3 de Herbero \u00e9s una mescla equilibrada de plantes arom\u00e0tiques com a farigola, s\u00e0lvia, fonoll, mariallu\u00efsa i menta. El seu sabor delicat i refinat evoca el fam\u00f3s licor herbero de les serres alacantines.<\/em><\/h2><\/div>\n\n\n\n<div class=\"wp-block-uagb-container uagb-block-81bad644\">\n<div class=\"wp-block-uagb-advanced-heading uagb-block-da52f8db\"><h2 class=\"uagb-heading-text\"><em>Beneficis:<\/em><\/h2><\/div>\n\n\n\n<ul style=\"color:#171515;padding-right:var(--wp--preset--spacing--30);padding-left:var(--wp--preset--spacing--30);font-size:clamp(14px, 0.875rem + ((1vw - 3.2px) * 0.313), 17px);font-style:normal;font-weight:400\" class=\"wp-block-list has-text-color has-link-color has-lato-font-family wp-elements-f2304a4ad06dba264e6e746ddd125c57\">\n<li><em>Actua com un excel\u00b7lent digestiu.<\/em><\/li>\n\n\n\n<li><em>Ajuda en processos catarrals.<\/em><\/li>\n\n\n\n<li><em>Millora l&#8217;expulsi\u00f3 de gasos intestinals.<\/em><\/li>\n\n\n\n<li><em>Combina els efectes beneficiosos de totes les plantes incloses.<\/em><\/li>\n<\/ul>\n<\/div>\n\n\n\n<div class=\"wp-block-uagb-advanced-heading uagb-block-ea7f4b95\"><h2 class=\"uagb-heading-text\"><em>Recomanaci\u00f3 d&#8217;\u00fas: Ideal per a gaudir en les tardes, acompanyant moments de relaxaci\u00f3 i benestar.<\/em><\/h2><\/div>\n<\/div>\n<\/div>\n\n\n\n<div class=\"wp-block-uagb-container order-3 responsive-container uagb-block-07a6eee0\">\n<div class=\"wp-block-uagb-image uagb-block-64602771 wp-block-uagb-image--layout-default wp-block-uagb-image--effect-static wp-block-uagb-image--align-none\"><figure class=\"wp-block-uagb-image__figure\"><img decoding=\"async\" srcset=\"https:\/\/www.alcoiverd.com\/wp-content\/uploads\/2024\/09\/herbero.png ,https:\/\/www.alcoiverd.com\/wp-content\/uploads\/2024\/09\/herbero.png 780w, https:\/\/www.alcoiverd.com\/wp-content\/uploads\/2024\/09\/herbero.png 360w\" sizes=\"auto, (max-width: 480px) 150px\" src=\"https:\/\/www.alcoiverd.com\/wp-content\/uploads\/2024\/09\/herbero.png\" alt=\"\" class=\"uag-image-112\" width=\"936\" height=\"696\" title=\"herbero\" loading=\"lazy\" role=\"img\"\/><\/figure><\/div>\n<\/div>\n\n\n\n<div class=\"wp-block-uagb-container order-5 responsive-container uagb-block-4f4715dd\">\n<div class=\"wp-block-uagb-image uagb-block-e521b792 wp-block-uagb-image--layout-default wp-block-uagb-image--effect-static wp-block-uagb-image--align-none\"><figure class=\"wp-block-uagb-image__figure\"><img decoding=\"async\" srcset=\"https:\/\/www.alcoiverd.com\/wp-content\/uploads\/2024\/09\/salvia-2.png ,https:\/\/www.alcoiverd.com\/wp-content\/uploads\/2024\/09\/salvia-2.png 780w, https:\/\/www.alcoiverd.com\/wp-content\/uploads\/2024\/09\/salvia-2.png 360w\" sizes=\"auto, (max-width: 480px) 150px\" src=\"https:\/\/www.alcoiverd.com\/wp-content\/uploads\/2024\/09\/salvia-2.png\" alt=\"\" class=\"uag-image-299\" width=\"936\" height=\"696\" title=\"salvia-2\" loading=\"lazy\" role=\"img\"\/><\/figure><\/div>\n<\/div>\n\n\n\n<div class=\"wp-block-uagb-container order-6 uagb-block-32ab164c\">\n<div class=\"wp-block-uagb-container uagb-block-dc5bf8cc\">\n<div class=\"wp-block-uagb-advanced-heading uagb-block-1ec85049\"><h3 class=\"uagb-heading-text\">Salvia<\/h3><\/div>\n\n\n\n<div class=\"wp-block-uagb-advanced-heading uagb-block-446868d6\"><h2 class=\"uagb-heading-text\"><em>La infusi\u00f3 de S\u00e0lvia destaca per ser una de les m\u00e9s beneficioses per a l&#8217;organisme. El seu sabor suau convida a ser gaudida amb tranquil\u00b7litat, ideal per a moments de calma.<\/em><\/h2><\/div>\n\n\n\n<div class=\"wp-block-uagb-container uagb-block-284f58d8\">\n<div class=\"wp-block-uagb-advanced-heading uagb-block-755e29e2\"><h2 class=\"uagb-heading-text\"><em>Beneficis:<\/em><\/h2><\/div>\n\n\n\n<ul style=\"color:#171515;padding-right:var(--wp--preset--spacing--30);padding-left:var(--wp--preset--spacing--30);font-size:clamp(14px, 0.875rem + ((1vw - 3.2px) * 0.313), 17px);font-style:normal;font-weight:400\" class=\"wp-block-list has-text-color has-link-color has-lato-font-family wp-elements-6824b95aff90aaf795bff202e9df9567\">\n<li><em>Alleuja maldecaps i tensi\u00f3 nerviosa.<\/em><\/li>\n\n\n\n<li><em>\u00datil en infeccions estomacals i intestinals.<\/em><\/li>\n\n\n\n<li><em>Efica\u00e7 contra mals de coll.<\/em><\/li>\n\n\n\n<li><em>Ajuda a frenar la sudoraci\u00f3 excessiva.<\/em><\/li>\n<\/ul>\n<\/div>\n\n\n\n<div class=\"wp-block-uagb-advanced-heading uagb-block-91904864\"><h2 class=\"uagb-heading-text\"><em>Recomanaci\u00f3 d&#8217;\u00fas: Perfecta per a moments d&#8217;estr\u00e8s o ansietat, oferint un efecte calmant i reconfortant.<\/em><\/h2><\/div>\n<\/div>\n<\/div>\n\n\n\n<div class=\"wp-block-uagb-container order-8 uagb-block-cdcc715a\">\n<div class=\"wp-block-uagb-container uagb-block-e6f50ca8\">\n<div class=\"wp-block-uagb-advanced-heading uagb-block-bfde3c57\"><h3 class=\"uagb-heading-text\">Timonet<\/h3><\/div>\n\n\n\n<div class=\"wp-block-uagb-advanced-heading uagb-block-b88169bc\"><h2 class=\"uagb-heading-text\"><em>El Timonet \u00e9s una infusi\u00f3 de farigola amb un sabor intens i una aroma profunda que ens transporta a un entorn natural ple de frescor i vida.<\/em><\/h2><\/div>\n\n\n\n<div class=\"wp-block-uagb-container uagb-block-93e1f459\">\n<div class=\"wp-block-uagb-advanced-heading uagb-block-1835aca0\"><h2 class=\"uagb-heading-text\"><em>Beneficis:<\/em><\/h2><\/div>\n\n\n\n<ul style=\"color:#171515;padding-right:var(--wp--preset--spacing--30);padding-left:var(--wp--preset--spacing--30);font-size:clamp(14px, 0.875rem + ((1vw - 3.2px) * 0.313), 17px);font-style:normal;font-weight:400\" class=\"wp-block-list has-text-color has-link-color has-lato-font-family wp-elements-abf6b14e74697330e7b4cd117000aa0a\">\n<li><em>Funciona com a digestiu natural.<\/em><\/li>\n\n\n\n<li><em>Estimula l&#8217;apetit.<\/em><\/li>\n\n\n\n<li><em>Ajuda a combatre els catarros.<\/em><\/li>\n\n\n\n<li><em>Alleuja la tos i millora el benestar respiratori.<\/em><\/li>\n<\/ul>\n<\/div>\n\n\n\n<div class=\"wp-block-uagb-advanced-heading uagb-block-822822c7\"><h2 class=\"uagb-heading-text\"><em>Recomanaci\u00f3 d&#8217;\u00fas: Ideal per als matins o despr\u00e9s de menjars pesats, oferint un impuls revitalizante.<\/em><\/h2><\/div>\n<\/div>\n<\/div>\n\n\n\n<div class=\"wp-block-uagb-container order-7 responsive-container uagb-block-05dea7a2\">\n<div class=\"wp-block-uagb-image uagb-block-ed57ccb5 wp-block-uagb-image--layout-default wp-block-uagb-image--effect-static wp-block-uagb-image--align-none\"><figure class=\"wp-block-uagb-image__figure\"><img decoding=\"async\" srcset=\"https:\/\/www.alcoiverd.com\/wp-content\/uploads\/2024\/09\/timonet.png ,https:\/\/www.alcoiverd.com\/wp-content\/uploads\/2024\/09\/timonet.png 780w, https:\/\/www.alcoiverd.com\/wp-content\/uploads\/2024\/09\/timonet.png 360w\" sizes=\"auto, (max-width: 480px) 150px\" src=\"https:\/\/www.alcoiverd.com\/wp-content\/uploads\/2024\/09\/timonet.png\" alt=\"\" class=\"uag-image-114\" width=\"936\" height=\"696\" title=\"timonet\" loading=\"lazy\" role=\"img\"\/><\/figure><\/div>\n<\/div>\n<\/div>\n\n\n\n<div class=\"wp-block-uagb-container uagb-block-d0d9391e alignfull uagb-is-root-container\"><div class=\"uagb-container-inner-blocks-wrap\">\n<div class=\"wp-block-uagb-container uagb-block-5939f3dd\">\t\t\t<div \n\t\t\tclass=\"wp-block-uagb-google-map uagb-google-map__wrap uagb-block-293e0d95     \"\n\t\t\tstyle=\"\" >\n\t\t\t\t<embed\n\t\t\t\t\tclass=\"uagb-google-map__iframe\"\n\t\t\t\t\ttitle=\"Google Map for \"\n\t\t\t\t\tsrc=\"https:\/\/maps.google.com\/maps?q=C.%20Castilla%20i%20Le%C3%B3n%2C%207%2C%2003313%20Corrent%C3%ADas%20Bajas%2C%20Alicante&#038;z=15&#038;hl=es&#038;t=m&#038;output=embed&#038;iwloc=near\"\n\t\t\t\t\twidth=\"640\"\n\t\t\t\t\theight=\"460\"\n\t\t\t\t\tloading=\"lazy\"\n\t\t\t\t><\/embed>\n\t\t\t<\/div>\n\t\t\t<\/div>\n\n\n\n<div class=\"wp-block-uagb-container uagb-block-cf011305\">\n<div class=\"wp-block-uagb-container uagb-block-d86319f6\">\n<div class=\"wp-block-uagb-advanced-heading uagb-block-480dd39c\"><h3 class=\"uagb-heading-text\">Ubicaci\u00f3<\/h3><\/div>\n\n\n\n<div class=\"wp-block-uagb-advanced-heading uagb-block-fa45f41e\"><p class=\"uagb-heading-text\"><em>C\/. Castilla Le\u00f3n, 7 \u2013 Corrent\u00edas Bajas\u2028<\/em><\/p><\/div>\n\n\n\n<div class=\"wp-block-uagb-advanced-heading uagb-block-61f6ba5a\"><p class=\"uagb-heading-text\"><em>Orihuela \u2013 Alacant \u2013 Espa\u00f1a<\/em><\/p><\/div>\n<\/div>\n\n\n\n<div class=\"wp-block-uagb-container uagb-block-b6f7ece2\">\n<div class=\"wp-block-uagb-advanced-heading uagb-block-2b9bb6da\"><h3 class=\"uagb-heading-text\">Tel\u00e8fon<\/h3><\/div>\n\n\n\n<div class=\"wp-block-uagb-advanced-heading uagb-block-bd73d638\"><p class=\"uagb-heading-text\"><em><a href=\"tel:965350306\">965 350 306<\/a><\/em><\/p><\/div>\n<\/div>\n\n\n\n<div class=\"wp-block-uagb-container uagb-block-2815d215\">\n<div class=\"wp-block-uagb-advanced-heading uagb-block-9d03f19f\"><h3 class=\"uagb-heading-text\">Correu<\/h3><\/div>\n\n\n\n<div class=\"wp-block-uagb-advanced-heading uagb-block-40745ae2\"><p class=\"uagb-heading-text\"><em><a href=\"mailto:alcoiverd@alcoiverd.com\">alcoiverd@alcoiverd.com<\/a><\/em><\/p><\/div>\n<\/div>\n<\/div>\n<\/div><\/div>\n","protected":false},"excerpt":{"rendered":"<p>ELS NOSTRES PRODUCTES INFUSIONS Infusions de Qualitat Superior A Alcoi Verd, seleccionem acuradament les millors herbes i plantes per a crear infusions \u00faniques que aportin beneficis tant per al cos com per a l&#8217;\u00e0nima. Descobreix les nostres opcions i troba la infusi\u00f3 perfecta per a cada moment del dia. Fenoll La nostra infusi\u00f3 de Fenoll [&hellip;]<\/p>\n","protected":false},"author":1,"featured_media":0,"parent":0,"menu_order":1,"comment_status":"closed","ping_status":"closed","template":"","meta":{"_uag_custom_page_level_css":"","footnotes":""},"class_list":["post-454","page","type-page","status-publish","hentry"],"uagb_featured_image_src":{"full":false,"thumbnail":false,"medium":false,"medium_large":false,"large":false,"1536x1536":false,"2048x2048":false},"uagb_author_info":{"display_name":"redaccion","author_link":"https:\/\/www.alcoiverd.com\/ca\/author\/redaccion\/"},"uagb_comment_info":0,"uagb_excerpt":"ELS NOSTRES PRODUCTES INFUSIONS Infusions de Qualitat Superior A Alcoi Verd, seleccionem acuradament les millors herbes i plantes per a crear infusions \u00faniques que aportin beneficis tant per al cos com per a l&#8217;\u00e0nima. Descobreix les nostres opcions i troba la infusi\u00f3 perfecta per a cada moment del dia. Fenoll La nostra infusi\u00f3 de Fenoll&hellip;","_links":{"self":[{"href":"https:\/\/www.alcoiverd.com\/ca\/wp-json\/wp\/v2\/pages\/454","targetHints":{"allow":["GET"]}}],"collection":[{"href":"https:\/\/www.alcoiverd.com\/ca\/wp-json\/wp\/v2\/pages"}],"about":[{"href":"https:\/\/www.alcoiverd.com\/ca\/wp-json\/wp\/v2\/types\/page"}],"author":[{"embeddable":true,"href":"https:\/\/www.alcoiverd.com\/ca\/wp-json\/wp\/v2\/users\/1"}],"replies":[{"embeddable":true,"href":"https:\/\/www.alcoiverd.com\/ca\/wp-json\/wp\/v2\/comments?post=454"}],"version-history":[{"count":5,"href":"https:\/\/www.alcoiverd.com\/ca\/wp-json\/wp\/v2\/pages\/454\/revisions"}],"predecessor-version":[{"id":629,"href":"https:\/\/www.alcoiverd.com\/ca\/wp-json\/wp\/v2\/pages\/454\/revisions\/629"}],"wp:attachment":[{"href":"https:\/\/www.alcoiverd.com\/ca\/wp-json\/wp\/v2\/media?parent=454"}],"curies":[{"name":"wp","href":"https:\/\/api.w.org\/{rel}","templated":true}]}}