{"id":456,"date":"2024-08-30T14:18:12","date_gmt":"2024-08-30T12:18:12","guid":{"rendered":"https:\/\/dev.alcoiverd.com\/empresa\/"},"modified":"2024-09-19T14:05:20","modified_gmt":"2024-09-19T12:05:20","slug":"empresa","status":"publish","type":"page","link":"https:\/\/www.alcoiverd.com\/ca\/empresa\/","title":{"rendered":"Empresa"},"content":{"rendered":"\n<div class=\"wp-block-uagb-container uagb-block-0af69fd8 alignfull uagb-is-root-container\"><div class=\"uagb-container-inner-blocks-wrap\">\n<div class=\"wp-block-uagb-advanced-heading uagb-block-9730d451\"><h1 class=\"uagb-heading-text\">EMPRESA<\/h1><\/div>\n\n\n\n<div class=\"wp-block-uagb-advanced-heading uagb-block-ae539278\"><h2 class=\"uagb-heading-text\">SOBRE NOSALTRES<\/h2><\/div>\n<\/div><\/div>\n\n\n\n<div class=\"wp-block-uagb-container uagb-block-6f2314a8 alignfull uagb-is-root-container\">\n<div class=\"wp-block-uagb-image uagb-block-ab1f78dd wp-block-uagb-image--layout-default wp-block-uagb-image--effect-static wp-block-uagb-image--align-none\"><figure class=\"wp-block-uagb-image__figure\"><img decoding=\"async\" srcset=\"https:\/\/www.alcoiverd.com\/wp-content\/uploads\/2024\/09\/background-2-1.png ,https:\/\/www.alcoiverd.com\/wp-content\/uploads\/2024\/09\/background-2-1.png 780w, https:\/\/www.alcoiverd.com\/wp-content\/uploads\/2024\/09\/background-2-1.png 360w\" sizes=\"auto, (max-width: 480px) 150px\" src=\"https:\/\/www.alcoiverd.com\/wp-content\/uploads\/2024\/09\/background-2-1.png\" alt=\"\" class=\"uag-image-308\" width=\"1872\" height=\"406\" title=\"background-2\" loading=\"lazy\" role=\"img\"\/><\/figure><\/div>\n<\/div>\n\n\n\n<div class=\"wp-block-uagb-container uagb-block-dc7e8bdc alignfull uagb-is-root-container\"><div class=\"uagb-container-inner-blocks-wrap\">\n<div class=\"wp-block-uagb-container uagb-block-6acef7d7\">\n<div class=\"wp-block-uagb-advanced-heading uagb-block-ce4745e4\"><h3 class=\"uagb-heading-text\">La nostra hist\u00f2ria<\/h3><\/div>\n\n\n\n<div class=\"wp-block-uagb-advanced-heading uagb-block-e1459bec\"><p class=\"uagb-heading-text\"><em>Des de 1994, Alcoi Verd s&#8217;ha dedicat amb passi\u00f3 a l&#8217;elaboraci\u00f3 i preparaci\u00f3 d&#8217;infusions d&#8217;alta qualitat. Situats a la regi\u00f3 d&#8217;Alacant, un entorn ric en diversitat bot\u00e0nica, hem aprofitat les bondats de les nostres muntanyes per a crear productes que capturen les aromes i sabors aut\u00e8ntics de la naturalesa. La nostra experi\u00e8ncia i dedicaci\u00f3 ens han perm\u00e8s cr\u00e9ixer i consolidar-nos com una refer\u00e8ncia en el mercat d&#8217;infusions, sempre fidels a la nostra ess\u00e8ncia i valors.<\/em><\/p><\/div>\n<\/div>\n<\/div><\/div>\n\n\n\n<div class=\"wp-block-uagb-container uagb-block-58c233c6 alignfull uagb-is-root-container\">\n<div class=\"wp-block-uagb-container order-1 responsive-container uagb-block-d587749f\">\n<div class=\"wp-block-uagb-image uagb-block-7c963a6a wp-block-uagb-image--layout-default wp-block-uagb-image--effect-static wp-block-uagb-image--align-none\"><figure class=\"wp-block-uagb-image__figure\"><img decoding=\"async\" srcset=\"https:\/\/www.alcoiverd.com\/wp-content\/uploads\/2024\/09\/herbes-lalcoia.png ,https:\/\/www.alcoiverd.com\/wp-content\/uploads\/2024\/09\/herbes-lalcoia.png 780w, https:\/\/www.alcoiverd.com\/wp-content\/uploads\/2024\/09\/herbes-lalcoia.png 360w\" sizes=\"auto, (max-width: 480px) 150px\" src=\"https:\/\/www.alcoiverd.com\/wp-content\/uploads\/2024\/09\/herbes-lalcoia.png\" alt=\"\" class=\"uag-image-147\" width=\"936\" height=\"696\" title=\"herbes-lalcoia\" loading=\"lazy\" role=\"img\"\/><\/figure><\/div>\n<\/div>\n\n\n\n<div class=\"wp-block-uagb-container order-2 uagb-block-2bdfbcb2\">\n<div class=\"wp-block-uagb-container uagb-block-e695388f\">\n<div class=\"wp-block-uagb-advanced-heading uagb-block-3a2f4721\"><h3 class=\"uagb-heading-text\">La nostra marca<\/h3><\/div>\n\n\n\n<div class=\"wp-block-uagb-advanced-heading uagb-block-4b9db033\"><h2 class=\"uagb-heading-text\"><em>Herbes L&#8217;Alcoi\u00e0 \u00e9s la nostra marca comercial, el reflex de la nostra passi\u00f3 per les infusions i el nostre comprom\u00eds amb la qualitat. Cada producte que porta aquest nom representa l&#8217;ess\u00e8ncia de les nostres muntanyes, la puresa dels nostres ingredients i la cura que posem en cada proc\u00e9s d&#8217;elaboraci\u00f3. Creiem que una bona infusi\u00f3 \u00e9s aquella que connecta a les persones amb la naturalesa, i aix\u00f2 \u00e9s el que busquem transmetre amb cada tassa de Herbes L&#8217;Alcoi\u00e0.<\/em><\/h2><\/div>\n<\/div>\n<\/div>\n\n\n\n<div class=\"wp-block-uagb-container order-4 uagb-block-9ed9f8d8\">\n<div class=\"wp-block-uagb-container uagb-block-48f094bd\">\n<div class=\"wp-block-uagb-advanced-heading uagb-block-11f29e34\"><h3 class=\"uagb-heading-text\">Filosofia d&#8217;Alcoi Verd<\/h3><\/div>\n\n\n\n<div class=\"wp-block-uagb-advanced-heading uagb-block-d11ac646\"><h2 class=\"uagb-heading-text\"><em>A Alcoi Verd, ens guiem per una s\u00e8rie de principis que han definit la nostra traject\u00f2ria des del principi:<\/em><\/h2><\/div>\n\n\n\n<ul style=\"color:#171515;padding-right:var(--wp--preset--spacing--30);padding-left:var(--wp--preset--spacing--30);font-size:clamp(14px, 0.875rem + ((1vw - 3.2px) * 0.313), 17px);font-style:normal;font-weight:400\" class=\"wp-block-list has-text-color has-link-color has-lato-font-family wp-elements-c8a8d1da919a7050960a0ee6efc4cbc8\">\n<li><em>Qualitat sense Compromisos: Nom\u00e9s utilitzem les millors herbes i plantes, acuradament seleccionades i tractades per a preservar totes les seves propietats naturals.<\/em><\/li>\n\n\n\n<li><em>Sostenibilitat i Respecte a l&#8217;Entorn: Ens comprometem a cuidar el medi ambient, utilitzant pr\u00e0ctiques sostenibles que garanteixin la preservaci\u00f3 dels nostres recursos naturals.<\/em><\/li>\n\n\n\n<li><em>Satisfacci\u00f3 del Client: Ens esforcem per entendre i satisfer les necessitats dels nostres clients, creant productes que superin les seves expectatives en sabor, aroma i beneficis per a la salut.<\/em><\/li>\n<\/ul>\n<\/div>\n<\/div>\n\n\n\n<div class=\"wp-block-uagb-container order-3 responsive-container uagb-block-3fb0d8a0\">\n<div class=\"wp-block-uagb-image uagb-block-64602771 wp-block-uagb-image--layout-default wp-block-uagb-image--effect-static wp-block-uagb-image--align-none\"><figure class=\"wp-block-uagb-image__figure\"><img decoding=\"async\" srcset=\"https:\/\/www.alcoiverd.com\/wp-content\/uploads\/2024\/09\/productos-1.png ,https:\/\/www.alcoiverd.com\/wp-content\/uploads\/2024\/09\/productos-1.png 780w, https:\/\/www.alcoiverd.com\/wp-content\/uploads\/2024\/09\/productos-1.png 360w\" sizes=\"auto, (max-width: 480px) 150px\" src=\"https:\/\/www.alcoiverd.com\/wp-content\/uploads\/2024\/09\/productos-1.png\" alt=\"\" class=\"uag-image-266\" width=\"936\" height=\"696\" title=\"productos\" loading=\"lazy\" role=\"img\"\/><\/figure><\/div>\n<\/div>\n<\/div>\n\n\n\n<div class=\"wp-block-uagb-container uagb-block-d0d9391e alignfull uagb-is-root-container\"><div class=\"uagb-container-inner-blocks-wrap\">\n<div class=\"wp-block-uagb-container uagb-block-5939f3dd\">\t\t\t<div \n\t\t\tclass=\"wp-block-uagb-google-map uagb-google-map__wrap uagb-block-293e0d95     \"\n\t\t\tstyle=\"\" >\n\t\t\t\t<embed\n\t\t\t\t\tclass=\"uagb-google-map__iframe\"\n\t\t\t\t\ttitle=\"Google Map for \"\n\t\t\t\t\tsrc=\"https:\/\/maps.google.com\/maps?q=C.%20Castilla%20i%20Le%C3%B3n%2C%207%2C%2003313%20Corrent%C3%ADas%20Bajas%2C%20Alicante&#038;z=15&#038;hl=es&#038;t=m&#038;output=embed&#038;iwloc=near\"\n\t\t\t\t\twidth=\"640\"\n\t\t\t\t\theight=\"460\"\n\t\t\t\t\tloading=\"lazy\"\n\t\t\t\t><\/embed>\n\t\t\t<\/div>\n\t\t\t<\/div>\n\n\n\n<div class=\"wp-block-uagb-container uagb-block-cf011305\">\n<div class=\"wp-block-uagb-container uagb-block-d86319f6\">\n<div class=\"wp-block-uagb-advanced-heading uagb-block-480dd39c\"><h3 class=\"uagb-heading-text\">Ubicaci\u00f3<\/h3><\/div>\n\n\n\n<div class=\"wp-block-uagb-advanced-heading uagb-block-fa45f41e\"><p class=\"uagb-heading-text\"><em>C\/. Castilla Le\u00f3n, 7 \u2013 Corrent\u00edas Bajas\u2028<\/em><\/p><\/div>\n\n\n\n<div class=\"wp-block-uagb-advanced-heading uagb-block-61f6ba5a\"><p class=\"uagb-heading-text\"><em>Orihuela \u2013 Alacant \u2013 Espa\u00f1a<\/em><\/p><\/div>\n<\/div>\n\n\n\n<div class=\"wp-block-uagb-container uagb-block-b6f7ece2\">\n<div class=\"wp-block-uagb-advanced-heading uagb-block-2b9bb6da\"><h3 class=\"uagb-heading-text\">Tel\u00e8fon<\/h3><\/div>\n\n\n\n<div class=\"wp-block-uagb-advanced-heading uagb-block-bd73d638\"><p class=\"uagb-heading-text\"><em><a href=\"tel:965350306\">965 350 306<\/a><\/em><\/p><\/div>\n<\/div>\n\n\n\n<div class=\"wp-block-uagb-container uagb-block-2815d215\">\n<div class=\"wp-block-uagb-advanced-heading uagb-block-9d03f19f\"><h3 class=\"uagb-heading-text\">Correu<\/h3><\/div>\n\n\n\n<div class=\"wp-block-uagb-advanced-heading uagb-block-40745ae2\"><p class=\"uagb-heading-text\"><em><a href=\"mailto:alcoiverd@alcoiverd.com\">alcoiverd@alcoiverd.com<\/a><\/em><\/p><\/div>\n<\/div>\n<\/div>\n<\/div><\/div>\n","protected":false},"excerpt":{"rendered":"<p>EMPRESA SOBRE NOSALTRES La nostra hist\u00f2ria Des de 1994, Alcoi Verd s&#8217;ha dedicat amb passi\u00f3 a l&#8217;elaboraci\u00f3 i preparaci\u00f3 d&#8217;infusions d&#8217;alta qualitat. Situats a la regi\u00f3 d&#8217;Alacant, un entorn ric en diversitat bot\u00e0nica, hem aprofitat les bondats de les nostres muntanyes per a crear productes que capturen les aromes i sabors aut\u00e8ntics de la naturalesa. [&hellip;]<\/p>\n","protected":false},"author":1,"featured_media":0,"parent":0,"menu_order":2,"comment_status":"closed","ping_status":"closed","template":"","meta":{"_uag_custom_page_level_css":"","footnotes":""},"class_list":["post-456","page","type-page","status-publish","hentry"],"uagb_featured_image_src":{"full":false,"thumbnail":false,"medium":false,"medium_large":false,"large":false,"1536x1536":false,"2048x2048":false},"uagb_author_info":{"display_name":"redaccion","author_link":"https:\/\/www.alcoiverd.com\/ca\/author\/redaccion\/"},"uagb_comment_info":0,"uagb_excerpt":"EMPRESA SOBRE NOSALTRES La nostra hist\u00f2ria Des de 1994, Alcoi Verd s&#8217;ha dedicat amb passi\u00f3 a l&#8217;elaboraci\u00f3 i preparaci\u00f3 d&#8217;infusions d&#8217;alta qualitat. Situats a la regi\u00f3 d&#8217;Alacant, un entorn ric en diversitat bot\u00e0nica, hem aprofitat les bondats de les nostres muntanyes per a crear productes que capturen les aromes i sabors aut\u00e8ntics de la naturalesa.&hellip;","_links":{"self":[{"href":"https:\/\/www.alcoiverd.com\/ca\/wp-json\/wp\/v2\/pages\/456","targetHints":{"allow":["GET"]}}],"collection":[{"href":"https:\/\/www.alcoiverd.com\/ca\/wp-json\/wp\/v2\/pages"}],"about":[{"href":"https:\/\/www.alcoiverd.com\/ca\/wp-json\/wp\/v2\/types\/page"}],"author":[{"embeddable":true,"href":"https:\/\/www.alcoiverd.com\/ca\/wp-json\/wp\/v2\/users\/1"}],"replies":[{"embeddable":true,"href":"https:\/\/www.alcoiverd.com\/ca\/wp-json\/wp\/v2\/comments?post=456"}],"version-history":[{"count":8,"href":"https:\/\/www.alcoiverd.com\/ca\/wp-json\/wp\/v2\/pages\/456\/revisions"}],"predecessor-version":[{"id":630,"href":"https:\/\/www.alcoiverd.com\/ca\/wp-json\/wp\/v2\/pages\/456\/revisions\/630"}],"wp:attachment":[{"href":"https:\/\/www.alcoiverd.com\/ca\/wp-json\/wp\/v2\/media?parent=456"}],"curies":[{"name":"wp","href":"https:\/\/api.w.org\/{rel}","templated":true}]}}